{"id":4501,"date":"2025-04-03T09:53:19","date_gmt":"2025-04-03T07:53:19","guid":{"rendered":"https:\/\/crom2.com\/?post_type=product&#038;p=4501"},"modified":"2025-04-03T09:57:02","modified_gmt":"2025-04-03T07:57:02","slug":"pupitre-ref-612-c-60-x-50-ref-613-c-70-x-50-con-cajon-metalico","status":"publish","type":"product","link":"https:\/\/crom2.cr3ativa.com\/fr\/produit\/pupitre-ref-612-c-60-x-50-ref-613-c-70-x-50-con-cajon-metalico\/","title":{"rendered":"Pupitre Ref. 612  C 60 x 50 \/ Ref. 613 C  70 x 50 \/ 120 x 50  cm con CAJ\u00d3N MET\u00c1LICO"},"content":{"rendered":"<p>Bureau avec tiroir ferm\u00e9, t\u00f4le<\/p>\n<p>Il peut \u00eatre fabriqu\u00e9 en 60 x 50 \/ 70 x 50 cm.<\/p>\n<p>\u00c9galement option DOUBLE. 120 x 50 cm .<\/p>\n<p>Diff\u00e9rents types de hauteurs et de couleurs.<\/p>\n<p>Le plateau du bureau peut \u00eatre r\u00e9alis\u00e9 dans diff\u00e9rentes finitions.<\/p>\n<p>Crochet de sac \u00e0 main en option.<\/p>","protected":false},"excerpt":{"rendered":"<p>Pupitre CON CAJ\u00d3N CERRADO CHAPA MET\u00c1LICA Puede fabricarse en\u00a0 60 x 50 \/ 70 x 50 cm. Tambi\u00e9n opci\u00f3n DOBLE. 120 x 50 cm . Diversos tipos de alturas\u00a0 y&#8230;<\/p>","protected":false},"featured_media":4464,"template":"","meta":[],"product_brand":[],"product_cat":[37,40],"product_tag":[],"class_list":{"0":"post-4501","1":"product","2":"type-product","3":"status-publish","4":"has-post-thumbnail","6":"product_cat-escolar","7":"product_cat-pupitres-escolar","9":"first","10":"instock","11":"shipping-taxable","12":"product-type-simple"},"_links":{"self":[{"href":"https:\/\/crom2.cr3ativa.com\/fr\/wp-json\/wp\/v2\/product\/4501","targetHints":{"allow":["GET"]}}],"collection":[{"href":"https:\/\/crom2.cr3ativa.com\/fr\/wp-json\/wp\/v2\/product"}],"about":[{"href":"https:\/\/crom2.cr3ativa.com\/fr\/wp-json\/wp\/v2\/types\/product"}],"wp:featuredmedia":[{"embeddable":true,"href":"https:\/\/crom2.cr3ativa.com\/fr\/wp-json\/wp\/v2\/media\/4464"}],"wp:attachment":[{"href":"https:\/\/crom2.cr3ativa.com\/fr\/wp-json\/wp\/v2\/media?parent=4501"}],"wp:term":[{"taxonomy":"product_brand","embeddable":true,"href":"https:\/\/crom2.cr3ativa.com\/fr\/wp-json\/wp\/v2\/product_brand?post=4501"},{"taxonomy":"product_cat","embeddable":true,"href":"https:\/\/crom2.cr3ativa.com\/fr\/wp-json\/wp\/v2\/product_cat?post=4501"},{"taxonomy":"product_tag","embeddable":true,"href":"https:\/\/crom2.cr3ativa.com\/fr\/wp-json\/wp\/v2\/product_tag?post=4501"}],"curies":[{"name":"wp","href":"https:\/\/api.w.org\/{rel}","templated":true}]}}