{"id":4487,"date":"2025-04-02T13:20:45","date_gmt":"2025-04-02T11:20:45","guid":{"rendered":"https:\/\/crom2.com\/?post_type=product&#038;p=4487"},"modified":"2025-04-02T13:24:11","modified_gmt":"2025-04-02T11:24:11","slug":"mesa-ref-9390-trapezoidal","status":"publish","type":"product","link":"https:\/\/crom2.cr3ativa.com\/fr\/produit\/mesa-ref-9390-trapezoidal\/","title":{"rendered":"Mesa Ref. 9390  trapezoidal"},"content":{"rendered":"<p>Table trap\u00e9zo\u00efdale.<\/p>\n<p>Diff\u00e9rents types de plateaux de table.<\/p>\n<p>Large assortiment de couleurs.<\/p>\n<p>Tailles C\u00f4t\u00e9 le plus long 140 cm ou 120 cm<\/p>","protected":false},"excerpt":{"rendered":"<p>Table trap\u00e9zo\u00efdale. Diff\u00e9rents types de plateaux de table. Large assortiment de couleurs. Tailles C\u00f4t\u00e9 le plus long 140 cm ou 120 cm<\/p>","protected":false},"featured_media":4485,"template":"","meta":[],"product_brand":[],"product_cat":[37,38,41],"product_tag":[],"class_list":{"0":"post-4487","1":"product","2":"type-product","3":"status-publish","4":"has-post-thumbnail","6":"product_cat-escolar","7":"product_cat-mesas-hosteleria","8":"product_cat-mesas-escolar","10":"first","11":"instock","12":"shipping-taxable","13":"product-type-simple"},"_links":{"self":[{"href":"https:\/\/crom2.cr3ativa.com\/fr\/wp-json\/wp\/v2\/product\/4487","targetHints":{"allow":["GET"]}}],"collection":[{"href":"https:\/\/crom2.cr3ativa.com\/fr\/wp-json\/wp\/v2\/product"}],"about":[{"href":"https:\/\/crom2.cr3ativa.com\/fr\/wp-json\/wp\/v2\/types\/product"}],"wp:featuredmedia":[{"embeddable":true,"href":"https:\/\/crom2.cr3ativa.com\/fr\/wp-json\/wp\/v2\/media\/4485"}],"wp:attachment":[{"href":"https:\/\/crom2.cr3ativa.com\/fr\/wp-json\/wp\/v2\/media?parent=4487"}],"wp:term":[{"taxonomy":"product_brand","embeddable":true,"href":"https:\/\/crom2.cr3ativa.com\/fr\/wp-json\/wp\/v2\/product_brand?post=4487"},{"taxonomy":"product_cat","embeddable":true,"href":"https:\/\/crom2.cr3ativa.com\/fr\/wp-json\/wp\/v2\/product_cat?post=4487"},{"taxonomy":"product_tag","embeddable":true,"href":"https:\/\/crom2.cr3ativa.com\/fr\/wp-json\/wp\/v2\/product_tag?post=4487"}],"curies":[{"name":"wp","href":"https:\/\/api.w.org\/{rel}","templated":true}]}}