{"id":4471,"date":"2025-04-02T11:13:10","date_gmt":"2025-04-02T09:13:10","guid":{"rendered":"https:\/\/crom2.com\/?post_type=product&#038;p=4471"},"modified":"2025-04-02T11:19:14","modified_gmt":"2025-04-02T09:19:14","slug":"pupitre-ref-612-60-x-50-ref-613-70-x-50-ref-614-2-120-x-50","status":"publish","type":"product","link":"https:\/\/crom2.cr3ativa.com\/fr\/produit\/pupitre-ref-612-60-x-50-ref-613-70-x-50-ref-614-2-120-x-50\/","title":{"rendered":"Pupitre Ref. 612  60 x 50  \/ Ref. 613  70 x 50   \/  Ref. 614\/2     120 x 50"},"content":{"rendered":"<p>Bureau.<\/p>\n<p>Il peut \u00eatre fabriqu\u00e9 en 60 x 50 \/ 70 x 50 cm.<\/p>\n<p>\u00c9galement option DOUBLE. 120 x 50 cm .<\/p>\n<p>Diff\u00e9rents types de hauteurs et de couleurs.<\/p>\n<p>Le plateau du bureau peut \u00eatre r\u00e9alis\u00e9 dans diff\u00e9rentes finitions.<\/p>\n<p>Crochet de sac \u00e0 main en option.<\/p>\n<p>&nbsp;<\/p>\n<p>&nbsp;<\/p>","protected":false},"excerpt":{"rendered":"<p>Pupitre . Puede fabricarse en\u00a0 60 x 50 \/ 70 x 50 cm. Tambi\u00e9n opci\u00f3n DOBLE. 120 x 50 cm . Diversos tipos de alturas\u00a0 y colores. La tapa del&#8230;<\/p>","protected":false},"featured_media":4466,"template":"","meta":[],"product_brand":[],"product_cat":[37,40],"product_tag":[],"class_list":{"0":"post-4471","1":"product","2":"type-product","3":"status-publish","4":"has-post-thumbnail","6":"product_cat-escolar","7":"product_cat-pupitres-escolar","9":"first","10":"instock","11":"shipping-taxable","12":"product-type-simple"},"_links":{"self":[{"href":"https:\/\/crom2.cr3ativa.com\/fr\/wp-json\/wp\/v2\/product\/4471","targetHints":{"allow":["GET"]}}],"collection":[{"href":"https:\/\/crom2.cr3ativa.com\/fr\/wp-json\/wp\/v2\/product"}],"about":[{"href":"https:\/\/crom2.cr3ativa.com\/fr\/wp-json\/wp\/v2\/types\/product"}],"wp:featuredmedia":[{"embeddable":true,"href":"https:\/\/crom2.cr3ativa.com\/fr\/wp-json\/wp\/v2\/media\/4466"}],"wp:attachment":[{"href":"https:\/\/crom2.cr3ativa.com\/fr\/wp-json\/wp\/v2\/media?parent=4471"}],"wp:term":[{"taxonomy":"product_brand","embeddable":true,"href":"https:\/\/crom2.cr3ativa.com\/fr\/wp-json\/wp\/v2\/product_brand?post=4471"},{"taxonomy":"product_cat","embeddable":true,"href":"https:\/\/crom2.cr3ativa.com\/fr\/wp-json\/wp\/v2\/product_cat?post=4471"},{"taxonomy":"product_tag","embeddable":true,"href":"https:\/\/crom2.cr3ativa.com\/fr\/wp-json\/wp\/v2\/product_tag?post=4471"}],"curies":[{"name":"wp","href":"https:\/\/api.w.org\/{rel}","templated":true}]}}