{"id":4456,"date":"2025-04-02T11:02:10","date_gmt":"2025-04-02T09:02:10","guid":{"rendered":"https:\/\/crom2.com\/?post_type=product&#038;p=4456"},"modified":"2025-04-02T11:06:12","modified_gmt":"2025-04-02T09:06:12","slug":"pupitre-ref-612-60-x-50-613-70-x-50","status":"publish","type":"product","link":"https:\/\/crom2.cr3ativa.com\/fr\/produit\/pupitre-ref-612-60-x-50-613-70-x-50\/","title":{"rendered":"Pupitre Ref. 612  R   con REJA   60 x 50 \/ 613  70 x 50"},"content":{"rendered":"<p>Bureau avec GRILLE INF\u00c9RIEURE.<\/p>\n<p>Crochet de sac \u00e0 main en option.<\/p>\n<p>Diff\u00e9rents types de tapas.<\/p>\n<p>Diff\u00e9rentes hauteurs.<\/p>\n<p>Dimensions du plateau : 60 x 50 \/ 70 x 50<\/p>","protected":false},"excerpt":{"rendered":"<p>Bureau avec grille inf\u00e9rieure. Crochet porte-monnaie en option. Diff\u00e9rents types de plateaux. Diff\u00e9rentes hauteurs. Dimensions du plateau\u00a0: 60 x 50 \/ 70 x 50<\/p>","protected":false},"featured_media":4468,"template":"","meta":[],"product_brand":[],"product_cat":[37,40],"product_tag":[],"class_list":{"0":"post-4456","1":"product","2":"type-product","3":"status-publish","4":"has-post-thumbnail","6":"product_cat-escolar","7":"product_cat-pupitres-escolar","9":"first","10":"instock","11":"shipping-taxable","12":"product-type-simple"},"_links":{"self":[{"href":"https:\/\/crom2.cr3ativa.com\/fr\/wp-json\/wp\/v2\/product\/4456","targetHints":{"allow":["GET"]}}],"collection":[{"href":"https:\/\/crom2.cr3ativa.com\/fr\/wp-json\/wp\/v2\/product"}],"about":[{"href":"https:\/\/crom2.cr3ativa.com\/fr\/wp-json\/wp\/v2\/types\/product"}],"wp:featuredmedia":[{"embeddable":true,"href":"https:\/\/crom2.cr3ativa.com\/fr\/wp-json\/wp\/v2\/media\/4468"}],"wp:attachment":[{"href":"https:\/\/crom2.cr3ativa.com\/fr\/wp-json\/wp\/v2\/media?parent=4456"}],"wp:term":[{"taxonomy":"product_brand","embeddable":true,"href":"https:\/\/crom2.cr3ativa.com\/fr\/wp-json\/wp\/v2\/product_brand?post=4456"},{"taxonomy":"product_cat","embeddable":true,"href":"https:\/\/crom2.cr3ativa.com\/fr\/wp-json\/wp\/v2\/product_cat?post=4456"},{"taxonomy":"product_tag","embeddable":true,"href":"https:\/\/crom2.cr3ativa.com\/fr\/wp-json\/wp\/v2\/product_tag?post=4456"}],"curies":[{"name":"wp","href":"https:\/\/api.w.org\/{rel}","templated":true}]}}