{"id":4441,"date":"2025-04-02T09:51:40","date_gmt":"2025-04-02T07:51:40","guid":{"rendered":"https:\/\/crom2.com\/?post_type=product&#038;p=4441"},"modified":"2025-04-02T10:03:19","modified_gmt":"2025-04-02T08:03:19","slug":"modulo-con-3-cajones-con-ruedas-inferiores","status":"publish","type":"product","link":"https:\/\/crom2.cr3ativa.com\/fr\/produit\/modulo-con-3-cajones-con-ruedas-inferiores\/","title":{"rendered":"MODULO CON 3 CAJONES CON RUEDAS INFERIORES"},"content":{"rendered":"<p>MODULE AVEC 3 TIROIRS AVEC ROULETTES INF\u00c9RIEURES.<\/p>\n<p>3 TIROIRS IND\u00c9PENDANTS AVEC ROULETTES INF\u00c9RIEURES ET POIGN\u00c9E.<\/p>\n<p>120 X 40 H. 29 cm<\/p>","protected":false},"excerpt":{"rendered":"<p>Module 3 tiroirs avec roulettes inf\u00e9rieures. Trois tiroirs ind\u00e9pendants avec roulettes inf\u00e9rieures et poign\u00e9e. Dimensions\u00a0: 120 x 40 cm, hauteur\u00a0: 29 cm.<\/p>","protected":false},"featured_media":4443,"template":"","meta":[],"product_brand":[],"product_cat":[43,37],"product_tag":[],"class_list":{"0":"post-4441","1":"product","2":"type-product","3":"status-publish","4":"has-post-thumbnail","6":"product_cat-armarios-escolar","7":"product_cat-escolar","9":"first","10":"instock","11":"shipping-taxable","12":"product-type-simple"},"_links":{"self":[{"href":"https:\/\/crom2.cr3ativa.com\/fr\/wp-json\/wp\/v2\/product\/4441","targetHints":{"allow":["GET"]}}],"collection":[{"href":"https:\/\/crom2.cr3ativa.com\/fr\/wp-json\/wp\/v2\/product"}],"about":[{"href":"https:\/\/crom2.cr3ativa.com\/fr\/wp-json\/wp\/v2\/types\/product"}],"wp:featuredmedia":[{"embeddable":true,"href":"https:\/\/crom2.cr3ativa.com\/fr\/wp-json\/wp\/v2\/media\/4443"}],"wp:attachment":[{"href":"https:\/\/crom2.cr3ativa.com\/fr\/wp-json\/wp\/v2\/media?parent=4441"}],"wp:term":[{"taxonomy":"product_brand","embeddable":true,"href":"https:\/\/crom2.cr3ativa.com\/fr\/wp-json\/wp\/v2\/product_brand?post=4441"},{"taxonomy":"product_cat","embeddable":true,"href":"https:\/\/crom2.cr3ativa.com\/fr\/wp-json\/wp\/v2\/product_cat?post=4441"},{"taxonomy":"product_tag","embeddable":true,"href":"https:\/\/crom2.cr3ativa.com\/fr\/wp-json\/wp\/v2\/product_tag?post=4441"}],"curies":[{"name":"wp","href":"https:\/\/api.w.org\/{rel}","templated":true}]}}