{"id":4059,"date":"2024-04-26T09:44:34","date_gmt":"2024-04-26T07:44:34","guid":{"rendered":"https:\/\/crom2.com\/?post_type=product&#038;p=4059"},"modified":"2024-04-26T10:23:05","modified_gmt":"2024-04-26T08:23:05","slug":"agora-xxl","status":"publish","type":"product","link":"https:\/\/crom2.cr3ativa.com\/fr\/produit\/agora-xxl\/","title":{"rendered":"AGORA XXL"},"content":{"rendered":"<p>Concept de tribune original qui permet de r\u00e9am\u00e9nager l&#039;espace de mani\u00e8re rapide et efficace. Sa nature modulaire et l&#039;incorporation<br \/>\nsur roues dynamise facilement l&#039;espace de travail collaboratif, facilitant la cr\u00e9ation d&#039;espaces dans lesquels partager des id\u00e9es et se d\u00e9velopper<br \/>\ndes projets communs. Il offre \u00e0 chaque \u00e9quipe la possibilit\u00e9 d&#039;adapter son espace aux besoins et \u00e0 la m\u00e9thodologie de travail.<\/p>\n<p>Chaque module int\u00e8gre \u00e9galement un espace pour<br \/>\nstockage int\u00e9gr\u00e9 suppl\u00e9mentaire.<\/p>\n<p>Dimensions hors tout\u00a0:<br \/>\nHauteur : 920 mm<br \/>\nLargeur : 1600 mm<br \/>\nProfondeur : 1100 mm<\/p>\n<p>Il peut \u00eatre fabriqu\u00e9 en diff\u00e9rentes couleurs, vous permettant de combiner les couleurs dans diff\u00e9rentes parties des stands.<\/p>","protected":false},"excerpt":{"rendered":"<p>GRAND BANC \u00c0 ROUES.<\/p>\n<p>&nbsp;<\/p>","protected":false},"featured_media":4060,"template":"","meta":[],"product_brand":[],"product_cat":[43,37,35],"product_tag":[],"class_list":{"0":"post-4059","1":"product","2":"type-product","3":"status-publish","4":"has-post-thumbnail","6":"product_cat-armarios-escolar","7":"product_cat-escolar","8":"product_cat-sillas-hosteleria","10":"first","11":"instock","12":"shipping-taxable","13":"product-type-simple"},"_links":{"self":[{"href":"https:\/\/crom2.cr3ativa.com\/fr\/wp-json\/wp\/v2\/product\/4059","targetHints":{"allow":["GET"]}}],"collection":[{"href":"https:\/\/crom2.cr3ativa.com\/fr\/wp-json\/wp\/v2\/product"}],"about":[{"href":"https:\/\/crom2.cr3ativa.com\/fr\/wp-json\/wp\/v2\/types\/product"}],"wp:featuredmedia":[{"embeddable":true,"href":"https:\/\/crom2.cr3ativa.com\/fr\/wp-json\/wp\/v2\/media\/4060"}],"wp:attachment":[{"href":"https:\/\/crom2.cr3ativa.com\/fr\/wp-json\/wp\/v2\/media?parent=4059"}],"wp:term":[{"taxonomy":"product_brand","embeddable":true,"href":"https:\/\/crom2.cr3ativa.com\/fr\/wp-json\/wp\/v2\/product_brand?post=4059"},{"taxonomy":"product_cat","embeddable":true,"href":"https:\/\/crom2.cr3ativa.com\/fr\/wp-json\/wp\/v2\/product_cat?post=4059"},{"taxonomy":"product_tag","embeddable":true,"href":"https:\/\/crom2.cr3ativa.com\/fr\/wp-json\/wp\/v2\/product_tag?post=4059"}],"curies":[{"name":"wp","href":"https:\/\/api.w.org\/{rel}","templated":true}]}}