{"id":3945,"date":"2024-04-11T11:52:03","date_gmt":"2024-04-11T09:52:03","guid":{"rendered":"https:\/\/crom2.com\/?post_type=product&#038;p=3945"},"modified":"2025-02-12T08:10:54","modified_gmt":"2025-02-12T07:10:54","slug":"silla-ref-2992-wp","status":"publish","type":"product","link":"https:\/\/crom2.cr3ativa.com\/fr\/produit\/silla-ref-2992-wp\/","title":{"rendered":"Chaise R\u00e9f. 2992 DORA WP avec SUPPL\u00c9MENT DE REMBOURRAGE"},"content":{"rendered":"<p>Chaise DORA empilable. ASSISE + DOSSIER EN BOIS AVEC SUPPL\u00c9MENT REMBOURR\u00c9. (BOIS + TAMPON)<\/p>\n<p>Si\u00e8ge AVEC SUPPL\u00c9MENT rembourr\u00e9. Dossier AVEC SUPPL\u00c9MENT REMBOURR\u00c9 en bois verni dans diff\u00e9rentes nuances de vernis. SUPPL\u00c9MENT DE REV\u00caTEMENT SUR LE DOSSIER ET L&#039;ASSISE.<\/p>\n<p>Large gamme de couleurs de peinture pour tubes et rev\u00eatements.<\/p>\n<p>&nbsp;<\/p>","protected":false},"excerpt":{"rendered":"<p>Silla DORA apilable. ASIENTO + RESPALDO\u00a0 MADERA CON SUPLEMENTO TAPIZADO. ( WOOD + PAD ) Asiento CON\u00a0 \u00a0SUPLEMENTO\u00a0 tapizado. Respaldo CON SUPLEMENTO TAPIZADO\u00a0 sobre\u00a0 madera barnizada en diversos tonos de&#8230;<\/p>","protected":false},"featured_media":3946,"template":"","meta":[],"product_brand":[],"product_cat":[36,35],"product_tag":[],"class_list":{"0":"post-3945","1":"product","2":"type-product","3":"status-publish","4":"has-post-thumbnail","6":"product_cat-hosteleria","7":"product_cat-sillas-hosteleria","9":"first","10":"instock","11":"shipping-taxable","12":"product-type-simple"},"_links":{"self":[{"href":"https:\/\/crom2.cr3ativa.com\/fr\/wp-json\/wp\/v2\/product\/3945","targetHints":{"allow":["GET"]}}],"collection":[{"href":"https:\/\/crom2.cr3ativa.com\/fr\/wp-json\/wp\/v2\/product"}],"about":[{"href":"https:\/\/crom2.cr3ativa.com\/fr\/wp-json\/wp\/v2\/types\/product"}],"wp:featuredmedia":[{"embeddable":true,"href":"https:\/\/crom2.cr3ativa.com\/fr\/wp-json\/wp\/v2\/media\/3946"}],"wp:attachment":[{"href":"https:\/\/crom2.cr3ativa.com\/fr\/wp-json\/wp\/v2\/media?parent=3945"}],"wp:term":[{"taxonomy":"product_brand","embeddable":true,"href":"https:\/\/crom2.cr3ativa.com\/fr\/wp-json\/wp\/v2\/product_brand?post=3945"},{"taxonomy":"product_cat","embeddable":true,"href":"https:\/\/crom2.cr3ativa.com\/fr\/wp-json\/wp\/v2\/product_cat?post=3945"},{"taxonomy":"product_tag","embeddable":true,"href":"https:\/\/crom2.cr3ativa.com\/fr\/wp-json\/wp\/v2\/product_tag?post=3945"}],"curies":[{"name":"wp","href":"https:\/\/api.w.org\/{rel}","templated":true}]}}