{"id":3937,"date":"2024-04-11T11:04:29","date_gmt":"2024-04-11T09:04:29","guid":{"rendered":"https:\/\/crom2.com\/?post_type=product&#038;p=3937"},"modified":"2025-02-21T10:15:36","modified_gmt":"2025-02-21T09:15:36","slug":"silla-ref-2991-dora-asiento-y-respaldo-tapizados","status":"publish","type":"product","link":"https:\/\/crom2.cr3ativa.com\/fr\/produit\/silla-ref-2991-dora-asiento-y-respaldo-tapizados\/","title":{"rendered":"Chaise R\u00e9f. 2991 DORA Assise et dossier rembourr\u00e9s"},"content":{"rendered":"<p>Chaise empilable. <strong>Assise et dossier rembourr\u00e9s<\/strong><\/p>\n<p>Assise et dossier rembourr\u00e9s.<\/p>\n<p>LARGE GAMME DE COULEURS DE PEINTURE POUR TUBES ET REV\u00caTEMENTS<\/p>","protected":false},"excerpt":{"rendered":"<p>Chaise empilable. Si\u00e8ge et dossier rembourr\u00e9s Si\u00e8ge et dossier rembourr\u00e9s. LARGE GAMME DE COULEURS DE PEINTURE POUR TUBES ET REV\u00caTEMENTS<\/p>","protected":false},"featured_media":3938,"template":"","meta":[],"product_brand":[],"product_cat":[36,35],"product_tag":[],"class_list":{"0":"post-3937","1":"product","2":"type-product","3":"status-publish","4":"has-post-thumbnail","6":"product_cat-hosteleria","7":"product_cat-sillas-hosteleria","9":"first","10":"instock","11":"shipping-taxable","12":"product-type-simple"},"_links":{"self":[{"href":"https:\/\/crom2.cr3ativa.com\/fr\/wp-json\/wp\/v2\/product\/3937","targetHints":{"allow":["GET"]}}],"collection":[{"href":"https:\/\/crom2.cr3ativa.com\/fr\/wp-json\/wp\/v2\/product"}],"about":[{"href":"https:\/\/crom2.cr3ativa.com\/fr\/wp-json\/wp\/v2\/types\/product"}],"wp:featuredmedia":[{"embeddable":true,"href":"https:\/\/crom2.cr3ativa.com\/fr\/wp-json\/wp\/v2\/media\/3938"}],"wp:attachment":[{"href":"https:\/\/crom2.cr3ativa.com\/fr\/wp-json\/wp\/v2\/media?parent=3937"}],"wp:term":[{"taxonomy":"product_brand","embeddable":true,"href":"https:\/\/crom2.cr3ativa.com\/fr\/wp-json\/wp\/v2\/product_brand?post=3937"},{"taxonomy":"product_cat","embeddable":true,"href":"https:\/\/crom2.cr3ativa.com\/fr\/wp-json\/wp\/v2\/product_cat?post=3937"},{"taxonomy":"product_tag","embeddable":true,"href":"https:\/\/crom2.cr3ativa.com\/fr\/wp-json\/wp\/v2\/product_tag?post=3937"}],"curies":[{"name":"wp","href":"https:\/\/api.w.org\/{rel}","templated":true}]}}