{"id":3931,"date":"2024-04-11T10:46:04","date_gmt":"2024-04-11T08:46:04","guid":{"rendered":"https:\/\/crom2.com\/?post_type=product&#038;p=3931"},"modified":"2025-02-12T08:33:32","modified_gmt":"2025-02-12T07:33:32","slug":"silla-ref-2994-cris-rond","status":"publish","type":"product","link":"https:\/\/crom2.cr3ativa.com\/fr\/produit\/silla-ref-2994-cris-rond\/","title":{"rendered":"Chaise R\u00e9f. 2994 CRIS ROND"},"content":{"rendered":"<p>Chaise empilable. Assise ROND tapiss\u00e9e.<\/p>\n<p>Assise et dossier rembourr\u00e9s.<\/p>\n<p>LARGE GAMME DE COULEURS DE PEINTURE POUR TUBES ET REV\u00caTEMENTS<\/p>","protected":false},"excerpt":{"rendered":"<p>Chaise empilable. Assise ROND tapiss\u00e9e. Assise et dossier rembourr\u00e9s. LARGE GAMME DE COULEURS DE PEINTURE POUR TUBES ET REV\u00caTEMENTS<\/p>","protected":false},"featured_media":3932,"template":"","meta":[],"product_brand":[],"product_cat":[36,35],"product_tag":[],"class_list":{"0":"post-3931","1":"product","2":"type-product","3":"status-publish","4":"has-post-thumbnail","6":"product_cat-hosteleria","7":"product_cat-sillas-hosteleria","9":"first","10":"instock","11":"shipping-taxable","12":"product-type-simple"},"_links":{"self":[{"href":"https:\/\/crom2.cr3ativa.com\/fr\/wp-json\/wp\/v2\/product\/3931","targetHints":{"allow":["GET"]}}],"collection":[{"href":"https:\/\/crom2.cr3ativa.com\/fr\/wp-json\/wp\/v2\/product"}],"about":[{"href":"https:\/\/crom2.cr3ativa.com\/fr\/wp-json\/wp\/v2\/types\/product"}],"wp:featuredmedia":[{"embeddable":true,"href":"https:\/\/crom2.cr3ativa.com\/fr\/wp-json\/wp\/v2\/media\/3932"}],"wp:attachment":[{"href":"https:\/\/crom2.cr3ativa.com\/fr\/wp-json\/wp\/v2\/media?parent=3931"}],"wp:term":[{"taxonomy":"product_brand","embeddable":true,"href":"https:\/\/crom2.cr3ativa.com\/fr\/wp-json\/wp\/v2\/product_brand?post=3931"},{"taxonomy":"product_cat","embeddable":true,"href":"https:\/\/crom2.cr3ativa.com\/fr\/wp-json\/wp\/v2\/product_cat?post=3931"},{"taxonomy":"product_tag","embeddable":true,"href":"https:\/\/crom2.cr3ativa.com\/fr\/wp-json\/wp\/v2\/product_tag?post=3931"}],"curies":[{"name":"wp","href":"https:\/\/api.w.org\/{rel}","templated":true}]}}