{"id":3910,"date":"2024-04-10T12:13:43","date_gmt":"2024-04-10T10:13:43","guid":{"rendered":"https:\/\/crom2.com\/?post_type=product&#038;p=3910"},"modified":"2024-04-10T12:13:43","modified_gmt":"2024-04-10T10:13:43","slug":"taburete-ref-1919-diva","status":"publish","type":"product","link":"https:\/\/crom2.cr3ativa.com\/fr\/produit\/taburete-ref-1919-diva\/","title":{"rendered":"Tabouret R\u00e9f.1919 DIVA"},"content":{"rendered":"<p>Tabouret REMBOURR\u00c9. R\u00c9F. 1919 DIVA.<\/p>\n<p>LARGE GAMME DE COULEURS DE TUBES ET DE STRUCTURES M\u00c9TALLIQUES.<\/p>\n<p>POSSIBILIT\u00c9 DE COMBINER LES REV\u00caTEMENTS.<\/p>\n<p>Nous avons une chaise assortie de la m\u00eame collection.<\/p>\n<p>&nbsp;<\/p>","protected":false},"excerpt":{"rendered":"<p>Taburete TAPIZADO. REF. 1919\u00a0 DIVA. AMPLIA GAMA DE COLORES DE TUBO ESTRUCTURAS METALICAS. POSIBILIDAD DE COMBINAR TAPIZADOS. Disponemos de silla a conjunto de la misma colecci\u00f3n. &nbsp;<\/p>","protected":false},"featured_media":3911,"template":"","meta":[],"product_brand":[],"product_cat":[36,39],"product_tag":[],"class_list":{"0":"post-3910","1":"product","2":"type-product","3":"status-publish","4":"has-post-thumbnail","6":"product_cat-hosteleria","7":"product_cat-taburetes-hosteleria","9":"first","10":"instock","11":"shipping-taxable","12":"product-type-simple"},"_links":{"self":[{"href":"https:\/\/crom2.cr3ativa.com\/fr\/wp-json\/wp\/v2\/product\/3910","targetHints":{"allow":["GET"]}}],"collection":[{"href":"https:\/\/crom2.cr3ativa.com\/fr\/wp-json\/wp\/v2\/product"}],"about":[{"href":"https:\/\/crom2.cr3ativa.com\/fr\/wp-json\/wp\/v2\/types\/product"}],"wp:featuredmedia":[{"embeddable":true,"href":"https:\/\/crom2.cr3ativa.com\/fr\/wp-json\/wp\/v2\/media\/3911"}],"wp:attachment":[{"href":"https:\/\/crom2.cr3ativa.com\/fr\/wp-json\/wp\/v2\/media?parent=3910"}],"wp:term":[{"taxonomy":"product_brand","embeddable":true,"href":"https:\/\/crom2.cr3ativa.com\/fr\/wp-json\/wp\/v2\/product_brand?post=3910"},{"taxonomy":"product_cat","embeddable":true,"href":"https:\/\/crom2.cr3ativa.com\/fr\/wp-json\/wp\/v2\/product_cat?post=3910"},{"taxonomy":"product_tag","embeddable":true,"href":"https:\/\/crom2.cr3ativa.com\/fr\/wp-json\/wp\/v2\/product_tag?post=3910"}],"curies":[{"name":"wp","href":"https:\/\/api.w.org\/{rel}","templated":true}]}}