{"id":3806,"date":"2023-11-29T18:05:48","date_gmt":"2023-11-29T17:05:48","guid":{"rendered":"https:\/\/crom2.com\/?post_type=product&#038;p=3806"},"modified":"2025-02-12T19:55:40","modified_gmt":"2025-02-12T18:55:40","slug":"taburete-ref-1800-tapizado","status":"publish","type":"product","link":"https:\/\/crom2.cr3ativa.com\/fr\/produit\/taburete-ref-1800-tapizado\/","title":{"rendered":"Tabouret R\u00e9f.1800 Tapiss\u00e9"},"content":{"rendered":"<p>Tabouret \u00e0 structure peinte.<\/p>\n<p>Si\u00e8ge rembourr\u00e9. Possibilit\u00e9 de combiner les couleurs.<\/p>\n<p>&nbsp;<\/p>","protected":false},"excerpt":{"rendered":"<p>Taburete estructura pintada. Asiento tapizado. Posibilidad de combinar colores. &nbsp;<\/p>","protected":false},"featured_media":3807,"template":"","meta":[],"product_brand":[],"product_cat":[36,39],"product_tag":[],"class_list":{"0":"post-3806","1":"product","2":"type-product","3":"status-publish","4":"has-post-thumbnail","6":"product_cat-hosteleria","7":"product_cat-taburetes-hosteleria","9":"first","10":"instock","11":"shipping-taxable","12":"product-type-simple"},"_links":{"self":[{"href":"https:\/\/crom2.cr3ativa.com\/fr\/wp-json\/wp\/v2\/product\/3806","targetHints":{"allow":["GET"]}}],"collection":[{"href":"https:\/\/crom2.cr3ativa.com\/fr\/wp-json\/wp\/v2\/product"}],"about":[{"href":"https:\/\/crom2.cr3ativa.com\/fr\/wp-json\/wp\/v2\/types\/product"}],"wp:featuredmedia":[{"embeddable":true,"href":"https:\/\/crom2.cr3ativa.com\/fr\/wp-json\/wp\/v2\/media\/3807"}],"wp:attachment":[{"href":"https:\/\/crom2.cr3ativa.com\/fr\/wp-json\/wp\/v2\/media?parent=3806"}],"wp:term":[{"taxonomy":"product_brand","embeddable":true,"href":"https:\/\/crom2.cr3ativa.com\/fr\/wp-json\/wp\/v2\/product_brand?post=3806"},{"taxonomy":"product_cat","embeddable":true,"href":"https:\/\/crom2.cr3ativa.com\/fr\/wp-json\/wp\/v2\/product_cat?post=3806"},{"taxonomy":"product_tag","embeddable":true,"href":"https:\/\/crom2.cr3ativa.com\/fr\/wp-json\/wp\/v2\/product_tag?post=3806"}],"curies":[{"name":"wp","href":"https:\/\/api.w.org\/{rel}","templated":true}]}}