{"id":3769,"date":"2023-11-28T11:49:22","date_gmt":"2023-11-28T10:49:22","guid":{"rendered":"https:\/\/crom2.com\/?post_type=product&#038;p=3769"},"modified":"2025-02-13T08:16:17","modified_gmt":"2025-02-13T07:16:17","slug":"ref-vint-3003-art","status":"publish","type":"product","link":"https:\/\/crom2.cr3ativa.com\/fr\/produit\/ref-vint-3003-art\/","title":{"rendered":"R\u00e9f. VINT 3003 ART"},"content":{"rendered":"<p>Chaise rembourr\u00e9e. Structure m\u00e9tallique.<\/p>\n<p>Large assortiment de couleurs de peinture pour structures m\u00e9talliques.     Nous pouvons peindre dans des couleurs RAL sp\u00e9ciales hors nuancier (Consultez notre service commercial)<\/p>\n<p>Possibilit\u00e9 de combiner diff\u00e9rents rev\u00eatements.<\/p>\n<p>&nbsp;<\/p>","protected":false},"excerpt":{"rendered":"<p>Chaise rembourr\u00e9e. Structure m\u00e9tallique.<\/p>","protected":false},"featured_media":3770,"template":"","meta":[],"product_brand":[],"product_cat":[36,35],"product_tag":[],"class_list":{"0":"post-3769","1":"product","2":"type-product","3":"status-publish","4":"has-post-thumbnail","6":"product_cat-hosteleria","7":"product_cat-sillas-hosteleria","9":"first","10":"instock","11":"shipping-taxable","12":"product-type-simple"},"_links":{"self":[{"href":"https:\/\/crom2.cr3ativa.com\/fr\/wp-json\/wp\/v2\/product\/3769","targetHints":{"allow":["GET"]}}],"collection":[{"href":"https:\/\/crom2.cr3ativa.com\/fr\/wp-json\/wp\/v2\/product"}],"about":[{"href":"https:\/\/crom2.cr3ativa.com\/fr\/wp-json\/wp\/v2\/types\/product"}],"wp:featuredmedia":[{"embeddable":true,"href":"https:\/\/crom2.cr3ativa.com\/fr\/wp-json\/wp\/v2\/media\/3770"}],"wp:attachment":[{"href":"https:\/\/crom2.cr3ativa.com\/fr\/wp-json\/wp\/v2\/media?parent=3769"}],"wp:term":[{"taxonomy":"product_brand","embeddable":true,"href":"https:\/\/crom2.cr3ativa.com\/fr\/wp-json\/wp\/v2\/product_brand?post=3769"},{"taxonomy":"product_cat","embeddable":true,"href":"https:\/\/crom2.cr3ativa.com\/fr\/wp-json\/wp\/v2\/product_cat?post=3769"},{"taxonomy":"product_tag","embeddable":true,"href":"https:\/\/crom2.cr3ativa.com\/fr\/wp-json\/wp\/v2\/product_tag?post=3769"}],"curies":[{"name":"wp","href":"https:\/\/api.w.org\/{rel}","templated":true}]}}