{"id":3075,"date":"2023-08-30T22:48:39","date_gmt":"2023-08-30T22:48:39","guid":{"rendered":"https:\/\/crom2.com\/producto\/estanteria-movil-ref-6714\/"},"modified":"2023-11-28T15:55:03","modified_gmt":"2023-11-28T14:55:03","slug":"estanteria-movil-ref-6714","status":"publish","type":"product","link":"https:\/\/crom2.cr3ativa.com\/fr\/produit\/estanteria-movil-ref-6714\/","title":{"rendered":"Estanteria m\u00f3vil  Ref. 6714"},"content":{"rendered":"<p>Etag\u00e8re MOBILE R\u00e9f.6714<\/p>","protected":false},"excerpt":{"rendered":"<p>Etag\u00e8re MOBILE R\u00e9f.6714<\/p>","protected":false},"featured_media":3074,"template":"","meta":[],"product_brand":[],"product_cat":[43,37],"product_tag":[],"class_list":{"0":"post-3075","1":"product","2":"type-product","3":"status-publish","4":"has-post-thumbnail","6":"product_cat-armarios-escolar","7":"product_cat-escolar","9":"first","10":"instock","11":"shipping-taxable","12":"product-type-simple"},"_links":{"self":[{"href":"https:\/\/crom2.cr3ativa.com\/fr\/wp-json\/wp\/v2\/product\/3075","targetHints":{"allow":["GET"]}}],"collection":[{"href":"https:\/\/crom2.cr3ativa.com\/fr\/wp-json\/wp\/v2\/product"}],"about":[{"href":"https:\/\/crom2.cr3ativa.com\/fr\/wp-json\/wp\/v2\/types\/product"}],"wp:featuredmedia":[{"embeddable":true,"href":"https:\/\/crom2.cr3ativa.com\/fr\/wp-json\/wp\/v2\/media\/3074"}],"wp:attachment":[{"href":"https:\/\/crom2.cr3ativa.com\/fr\/wp-json\/wp\/v2\/media?parent=3075"}],"wp:term":[{"taxonomy":"product_brand","embeddable":true,"href":"https:\/\/crom2.cr3ativa.com\/fr\/wp-json\/wp\/v2\/product_brand?post=3075"},{"taxonomy":"product_cat","embeddable":true,"href":"https:\/\/crom2.cr3ativa.com\/fr\/wp-json\/wp\/v2\/product_cat?post=3075"},{"taxonomy":"product_tag","embeddable":true,"href":"https:\/\/crom2.cr3ativa.com\/fr\/wp-json\/wp\/v2\/product_tag?post=3075"}],"curies":[{"name":"wp","href":"https:\/\/api.w.org\/{rel}","templated":true}]}}