{"id":2969,"date":"2023-08-30T22:47:09","date_gmt":"2023-08-30T22:47:09","guid":{"rendered":"https:\/\/crom2.com\/producto\/mesa-laboratorio-t-27\/"},"modified":"2025-04-02T13:06:22","modified_gmt":"2025-04-02T11:06:22","slug":"mesa-laboratorio-t-27","status":"publish","type":"product","link":"https:\/\/crom2.cr3ativa.com\/fr\/produit\/mesa-laboratorio-t-27\/","title":{"rendered":"Mesa Laboratorio T-27"},"content":{"rendered":"<p>Table de laboratoire T-27.<\/p>\n<p>Il peut \u00eatre fabriqu\u00e9 dans diff\u00e9rentes tailles.<\/p>\n<p>Hauteur 90 cm<\/p>\n<p>Tour \u00e9lectrique avec 2 ou 4 prises en option.<\/p>\n<p>Couverture en compactmel ou formica. Diff\u00e9rentes \u00e9paisseurs disponibles.<\/p>\n<p>L&#039;\u00e9tag\u00e8re peut \u00eatre plac\u00e9e au centre pour travailler des deux c\u00f4t\u00e9s.<\/p>\n<p>&nbsp;<\/p>\n<p>&nbsp;<\/p>\n<p>&nbsp;<\/p>","protected":false},"excerpt":{"rendered":"<p>Mesa Laboratorio T-27. Puede fabricarse en distintas medidas. Alt. 90 cm Torreta el\u00e9ctrica con 2 \u00f3 4 enchufes opcional. Tapa en compactmel o formica. Distintos grosores disponibles. El estante se&#8230;<\/p>","protected":false},"featured_media":2968,"template":"","meta":[],"product_brand":[],"product_cat":[37,41],"product_tag":[],"class_list":{"0":"post-2969","1":"product","2":"type-product","3":"status-publish","4":"has-post-thumbnail","6":"product_cat-escolar","7":"product_cat-mesas-escolar","9":"first","10":"instock","11":"shipping-taxable","12":"product-type-simple"},"_links":{"self":[{"href":"https:\/\/crom2.cr3ativa.com\/fr\/wp-json\/wp\/v2\/product\/2969","targetHints":{"allow":["GET"]}}],"collection":[{"href":"https:\/\/crom2.cr3ativa.com\/fr\/wp-json\/wp\/v2\/product"}],"about":[{"href":"https:\/\/crom2.cr3ativa.com\/fr\/wp-json\/wp\/v2\/types\/product"}],"wp:featuredmedia":[{"embeddable":true,"href":"https:\/\/crom2.cr3ativa.com\/fr\/wp-json\/wp\/v2\/media\/2968"}],"wp:attachment":[{"href":"https:\/\/crom2.cr3ativa.com\/fr\/wp-json\/wp\/v2\/media?parent=2969"}],"wp:term":[{"taxonomy":"product_brand","embeddable":true,"href":"https:\/\/crom2.cr3ativa.com\/fr\/wp-json\/wp\/v2\/product_brand?post=2969"},{"taxonomy":"product_cat","embeddable":true,"href":"https:\/\/crom2.cr3ativa.com\/fr\/wp-json\/wp\/v2\/product_cat?post=2969"},{"taxonomy":"product_tag","embeddable":true,"href":"https:\/\/crom2.cr3ativa.com\/fr\/wp-json\/wp\/v2\/product_tag?post=2969"}],"curies":[{"name":"wp","href":"https:\/\/api.w.org\/{rel}","templated":true}]}}