{"id":2877,"date":"2023-08-30T22:20:52","date_gmt":"2023-08-30T22:20:52","guid":{"rendered":"https:\/\/crom2.com\/producto\/taburete-ref-v521-eliptica\/"},"modified":"2025-02-20T17:09:30","modified_gmt":"2025-02-20T16:09:30","slug":"taburete-ref-v521-eliptica","status":"publish","type":"product","link":"https:\/\/crom2.cr3ativa.com\/fr\/produit\/taburete-ref-v521-eliptica\/","title":{"rendered":"Tabouret R\u00e9f. V521 ELIPTICA"},"content":{"rendered":"<p>Tabouret R\u00e9f. V521 ELLIPTIQUE. Il peut avoir une assise et un dossier en bois, en formica ou en contreplaqu\u00e9.<\/p>\n<p>Large gamme de combinaisons possibles.<\/p>\n<p>&nbsp;<\/p>","protected":false},"excerpt":{"rendered":"<p>Taburete Ref. V521 ELIPTICA. Puede\u00a0 ser\u00a0 con el asiento y respaldo de madera, formica o trpizado. Gran gama de combinaciones podibles. &nbsp;<\/p>","protected":false},"featured_media":2876,"template":"","meta":[],"product_brand":[],"product_cat":[36,39],"product_tag":[],"class_list":{"0":"post-2877","1":"product","2":"type-product","3":"status-publish","4":"has-post-thumbnail","6":"product_cat-hosteleria","7":"product_cat-taburetes-hosteleria","9":"first","10":"instock","11":"shipping-taxable","12":"product-type-simple"},"_links":{"self":[{"href":"https:\/\/crom2.cr3ativa.com\/fr\/wp-json\/wp\/v2\/product\/2877","targetHints":{"allow":["GET"]}}],"collection":[{"href":"https:\/\/crom2.cr3ativa.com\/fr\/wp-json\/wp\/v2\/product"}],"about":[{"href":"https:\/\/crom2.cr3ativa.com\/fr\/wp-json\/wp\/v2\/types\/product"}],"wp:featuredmedia":[{"embeddable":true,"href":"https:\/\/crom2.cr3ativa.com\/fr\/wp-json\/wp\/v2\/media\/2876"}],"wp:attachment":[{"href":"https:\/\/crom2.cr3ativa.com\/fr\/wp-json\/wp\/v2\/media?parent=2877"}],"wp:term":[{"taxonomy":"product_brand","embeddable":true,"href":"https:\/\/crom2.cr3ativa.com\/fr\/wp-json\/wp\/v2\/product_brand?post=2877"},{"taxonomy":"product_cat","embeddable":true,"href":"https:\/\/crom2.cr3ativa.com\/fr\/wp-json\/wp\/v2\/product_cat?post=2877"},{"taxonomy":"product_tag","embeddable":true,"href":"https:\/\/crom2.cr3ativa.com\/fr\/wp-json\/wp\/v2\/product_tag?post=2877"}],"curies":[{"name":"wp","href":"https:\/\/api.w.org\/{rel}","templated":true}]}}