{"id":2814,"date":"2023-08-30T22:17:27","date_gmt":"2023-08-30T22:17:27","guid":{"rendered":"https:\/\/crom2.com\/producto\/silla-ref-911-arcs\/"},"modified":"2025-02-24T21:16:47","modified_gmt":"2025-02-24T20:16:47","slug":"silla-ref-911-arcs","status":"publish","type":"product","link":"https:\/\/crom2.cr3ativa.com\/fr\/produit\/silla-ref-911-arcs\/","title":{"rendered":"Silla Ref. 911 ARCS"},"content":{"rendered":"<p>Chaise ARCS en acier doux noyer. Large gamme de couleurs.<\/p>\n<p>Le si\u00e8ge peut \u00eatre rembourr\u00e9.<\/p>\n<p>Il peut \u00eatre \u00e9quip\u00e9 d&#039;accoudoirs.<\/p>","protected":false},"excerpt":{"rendered":"<p>Silla ARCS nogal acero dulce. Amplia gama de colores. Puede tapizarse el asiento. Puede ir con reposabrazos.<\/p>","protected":false},"featured_media":4208,"template":"","meta":[],"product_brand":[],"product_cat":[36,35],"product_tag":[],"class_list":{"0":"post-2814","1":"product","2":"type-product","3":"status-publish","4":"has-post-thumbnail","6":"product_cat-hosteleria","7":"product_cat-sillas-hosteleria","9":"first","10":"instock","11":"shipping-taxable","12":"product-type-simple"},"_links":{"self":[{"href":"https:\/\/crom2.cr3ativa.com\/fr\/wp-json\/wp\/v2\/product\/2814","targetHints":{"allow":["GET"]}}],"collection":[{"href":"https:\/\/crom2.cr3ativa.com\/fr\/wp-json\/wp\/v2\/product"}],"about":[{"href":"https:\/\/crom2.cr3ativa.com\/fr\/wp-json\/wp\/v2\/types\/product"}],"wp:featuredmedia":[{"embeddable":true,"href":"https:\/\/crom2.cr3ativa.com\/fr\/wp-json\/wp\/v2\/media\/4208"}],"wp:attachment":[{"href":"https:\/\/crom2.cr3ativa.com\/fr\/wp-json\/wp\/v2\/media?parent=2814"}],"wp:term":[{"taxonomy":"product_brand","embeddable":true,"href":"https:\/\/crom2.cr3ativa.com\/fr\/wp-json\/wp\/v2\/product_brand?post=2814"},{"taxonomy":"product_cat","embeddable":true,"href":"https:\/\/crom2.cr3ativa.com\/fr\/wp-json\/wp\/v2\/product_cat?post=2814"},{"taxonomy":"product_tag","embeddable":true,"href":"https:\/\/crom2.cr3ativa.com\/fr\/wp-json\/wp\/v2\/product_tag?post=2814"}],"curies":[{"name":"wp","href":"https:\/\/api.w.org\/{rel}","templated":true}]}}