{"id":2788,"date":"2023-08-30T22:17:22","date_gmt":"2023-08-30T22:17:22","guid":{"rendered":"https:\/\/crom2.com\/producto\/silla-magnet-tap\/"},"modified":"2025-02-12T11:17:33","modified_gmt":"2025-02-12T10:17:33","slug":"silla-magnet-tap","status":"publish","type":"product","link":"https:\/\/crom2.cr3ativa.com\/fr\/produit\/silla-magnet-tap\/","title":{"rendered":"Chaise MAGNET TAP"},"content":{"rendered":"<p>Si\u00e8ge rembourr\u00e9 avec dossier en noyer. Des combinaisons infinies peuvent \u00eatre r\u00e9alis\u00e9es.<\/p>","protected":false},"excerpt":{"rendered":"<p>Si\u00e8ge rembourr\u00e9 avec dossier en noyer. Des combinaisons infinies peuvent \u00eatre r\u00e9alis\u00e9es.<\/p>","protected":false},"featured_media":2712,"template":"","meta":[],"product_brand":[],"product_cat":[36,35],"product_tag":[],"class_list":{"0":"post-2788","1":"product","2":"type-product","3":"status-publish","4":"has-post-thumbnail","6":"product_cat-hosteleria","7":"product_cat-sillas-hosteleria","9":"first","10":"instock","11":"shipping-taxable","12":"product-type-simple"},"_links":{"self":[{"href":"https:\/\/crom2.cr3ativa.com\/fr\/wp-json\/wp\/v2\/product\/2788","targetHints":{"allow":["GET"]}}],"collection":[{"href":"https:\/\/crom2.cr3ativa.com\/fr\/wp-json\/wp\/v2\/product"}],"about":[{"href":"https:\/\/crom2.cr3ativa.com\/fr\/wp-json\/wp\/v2\/types\/product"}],"wp:featuredmedia":[{"embeddable":true,"href":"https:\/\/crom2.cr3ativa.com\/fr\/wp-json\/wp\/v2\/media\/2712"}],"wp:attachment":[{"href":"https:\/\/crom2.cr3ativa.com\/fr\/wp-json\/wp\/v2\/media?parent=2788"}],"wp:term":[{"taxonomy":"product_brand","embeddable":true,"href":"https:\/\/crom2.cr3ativa.com\/fr\/wp-json\/wp\/v2\/product_brand?post=2788"},{"taxonomy":"product_cat","embeddable":true,"href":"https:\/\/crom2.cr3ativa.com\/fr\/wp-json\/wp\/v2\/product_cat?post=2788"},{"taxonomy":"product_tag","embeddable":true,"href":"https:\/\/crom2.cr3ativa.com\/fr\/wp-json\/wp\/v2\/product_tag?post=2788"}],"curies":[{"name":"wp","href":"https:\/\/api.w.org\/{rel}","templated":true}]}}