{"id":2787,"date":"2023-08-30T22:17:22","date_gmt":"2023-08-30T22:17:22","guid":{"rendered":"https:\/\/crom2.com\/producto\/silla-magnet-3\/"},"modified":"2025-02-12T17:08:16","modified_gmt":"2025-02-12T16:08:16","slug":"silla-magnet-3","status":"publish","type":"product","link":"https:\/\/crom2.cr3ativa.com\/fr\/produit\/silla-magnet-3\/","title":{"rendered":"Silla MAGNET"},"content":{"rendered":"<p>Si\u00e8ge en bois d&#039;acajou rouge\u00e2tre avec grille naturelle. D&#039;autres combinaisons disponibles.<\/p>\n<p>Le si\u00e8ge peut \u00eatre rembourr\u00e9.<\/p>","protected":false},"excerpt":{"rendered":"<p>Asiento madera caoba rojizo rejilla natural. Otras combinaciones disponibles. Asiento puede ir tapizado.<\/p>","protected":false},"featured_media":2710,"template":"","meta":[],"product_brand":[],"product_cat":[36,35],"product_tag":[],"class_list":{"0":"post-2787","1":"product","2":"type-product","3":"status-publish","4":"has-post-thumbnail","6":"product_cat-hosteleria","7":"product_cat-sillas-hosteleria","9":"first","10":"instock","11":"shipping-taxable","12":"product-type-simple"},"_links":{"self":[{"href":"https:\/\/crom2.cr3ativa.com\/fr\/wp-json\/wp\/v2\/product\/2787","targetHints":{"allow":["GET"]}}],"collection":[{"href":"https:\/\/crom2.cr3ativa.com\/fr\/wp-json\/wp\/v2\/product"}],"about":[{"href":"https:\/\/crom2.cr3ativa.com\/fr\/wp-json\/wp\/v2\/types\/product"}],"wp:featuredmedia":[{"embeddable":true,"href":"https:\/\/crom2.cr3ativa.com\/fr\/wp-json\/wp\/v2\/media\/2710"}],"wp:attachment":[{"href":"https:\/\/crom2.cr3ativa.com\/fr\/wp-json\/wp\/v2\/media?parent=2787"}],"wp:term":[{"taxonomy":"product_brand","embeddable":true,"href":"https:\/\/crom2.cr3ativa.com\/fr\/wp-json\/wp\/v2\/product_brand?post=2787"},{"taxonomy":"product_cat","embeddable":true,"href":"https:\/\/crom2.cr3ativa.com\/fr\/wp-json\/wp\/v2\/product_cat?post=2787"},{"taxonomy":"product_tag","embeddable":true,"href":"https:\/\/crom2.cr3ativa.com\/fr\/wp-json\/wp\/v2\/product_tag?post=2787"}],"curies":[{"name":"wp","href":"https:\/\/api.w.org\/{rel}","templated":true}]}}