{"id":2566,"date":"2023-07-19T12:30:51","date_gmt":"2023-07-19T12:30:51","guid":{"rendered":"https:\/\/crom2.com\/?post_type=product&#038;p=2566"},"modified":"2025-02-14T09:58:42","modified_gmt":"2025-02-14T08:58:42","slug":"mesa-con-asientos-ref-94af","status":"publish","type":"product","link":"https:\/\/crom2.cr3ativa.com\/fr\/produit\/mesa-con-asientos-ref-94af\/","title":{"rendered":"Table avec si\u00e8ges R\u00e9f.94AF"},"content":{"rendered":"<p>Table avec si\u00e8ges R\u00e9f. 94AF. Les couleurs de si\u00e8ge disponibles sont indiqu\u00e9es dans les \u00e9chantillons rectangulaires et les couleurs de tubes dans les cercles color\u00e9s.<\/p>\n<p>Les couleurs du plateau de table sont repr\u00e9sent\u00e9es dans des carr\u00e9s avec la l\u00e9gende compactmel 12 mm.<\/p>","protected":false},"excerpt":{"rendered":"<p>Mesa con asientos Ref. 94AF. Se muestran los colores disponibles de asiento en las muestras rectangulares y los color de tubo en los c\u00edrculos de colores. Los colores de la&#8230;<\/p>","protected":false},"featured_media":2616,"template":"","meta":[],"product_brand":[],"product_cat":[37,36,38,41,35,42,29],"product_tag":[],"class_list":{"0":"post-2566","1":"product","2":"type-product","3":"status-publish","4":"has-post-thumbnail","6":"product_cat-escolar","7":"product_cat-hosteleria","8":"product_cat-mesas-hosteleria","9":"product_cat-mesas-escolar","10":"product_cat-sillas-hosteleria","11":"product_cat-sillas-escolar","12":"product_cat-tienda","14":"first","15":"instock","16":"shipping-taxable","17":"product-type-simple"},"_links":{"self":[{"href":"https:\/\/crom2.cr3ativa.com\/fr\/wp-json\/wp\/v2\/product\/2566","targetHints":{"allow":["GET"]}}],"collection":[{"href":"https:\/\/crom2.cr3ativa.com\/fr\/wp-json\/wp\/v2\/product"}],"about":[{"href":"https:\/\/crom2.cr3ativa.com\/fr\/wp-json\/wp\/v2\/types\/product"}],"wp:featuredmedia":[{"embeddable":true,"href":"https:\/\/crom2.cr3ativa.com\/fr\/wp-json\/wp\/v2\/media\/2616"}],"wp:attachment":[{"href":"https:\/\/crom2.cr3ativa.com\/fr\/wp-json\/wp\/v2\/media?parent=2566"}],"wp:term":[{"taxonomy":"product_brand","embeddable":true,"href":"https:\/\/crom2.cr3ativa.com\/fr\/wp-json\/wp\/v2\/product_brand?post=2566"},{"taxonomy":"product_cat","embeddable":true,"href":"https:\/\/crom2.cr3ativa.com\/fr\/wp-json\/wp\/v2\/product_cat?post=2566"},{"taxonomy":"product_tag","embeddable":true,"href":"https:\/\/crom2.cr3ativa.com\/fr\/wp-json\/wp\/v2\/product_tag?post=2566"}],"curies":[{"name":"wp","href":"https:\/\/api.w.org\/{rel}","templated":true}]}}