{"id":2514,"date":"2023-07-19T12:26:12","date_gmt":"2023-07-19T12:26:12","guid":{"rendered":"https:\/\/crom2.com\/?post_type=product&#038;p=2514"},"modified":"2023-11-28T15:55:03","modified_gmt":"2023-11-28T14:55:03","slug":"taburete-ref-1702-verde-nogal-vint-regulable","status":"publish","type":"product","link":"https:\/\/crom2.cr3ativa.com\/fr\/produit\/taburete-ref-1702-verde-nogal-vint-regulable\/","title":{"rendered":"Tabouret R\u00e9f. 1702 Noyer vert vint R\u00c9GLABLE"},"content":{"rendered":"<p>Tabouret R\u00e9f 1702 Vint noyer vert CONIQUE AJUSTABLE<\/p>","protected":false},"excerpt":{"rendered":"<p>Taburete Ref. 1702 Verde nogal vint REGULABLE CONIC<\/p>","protected":false},"featured_media":2561,"template":"","meta":[],"product_brand":[],"product_cat":[29],"product_tag":[],"class_list":{"0":"post-2514","1":"product","2":"type-product","3":"status-publish","4":"has-post-thumbnail","6":"product_cat-tienda","8":"first","9":"instock","10":"shipping-taxable","11":"purchasable","12":"product-type-simple"},"_links":{"self":[{"href":"https:\/\/crom2.cr3ativa.com\/fr\/wp-json\/wp\/v2\/product\/2514","targetHints":{"allow":["GET"]}}],"collection":[{"href":"https:\/\/crom2.cr3ativa.com\/fr\/wp-json\/wp\/v2\/product"}],"about":[{"href":"https:\/\/crom2.cr3ativa.com\/fr\/wp-json\/wp\/v2\/types\/product"}],"wp:featuredmedia":[{"embeddable":true,"href":"https:\/\/crom2.cr3ativa.com\/fr\/wp-json\/wp\/v2\/media\/2561"}],"wp:attachment":[{"href":"https:\/\/crom2.cr3ativa.com\/fr\/wp-json\/wp\/v2\/media?parent=2514"}],"wp:term":[{"taxonomy":"product_brand","embeddable":true,"href":"https:\/\/crom2.cr3ativa.com\/fr\/wp-json\/wp\/v2\/product_brand?post=2514"},{"taxonomy":"product_cat","embeddable":true,"href":"https:\/\/crom2.cr3ativa.com\/fr\/wp-json\/wp\/v2\/product_cat?post=2514"},{"taxonomy":"product_tag","embeddable":true,"href":"https:\/\/crom2.cr3ativa.com\/fr\/wp-json\/wp\/v2\/product_tag?post=2514"}],"curies":[{"name":"wp","href":"https:\/\/api.w.org\/{rel}","templated":true}]}}