{"id":3404,"date":"2023-10-06T13:53:31","date_gmt":"2023-10-06T13:53:31","guid":{"rendered":"https:\/\/crom2.com\/?page_id=3404"},"modified":"2023-10-11T13:32:14","modified_gmt":"2023-10-11T13:32:14","slug":"empresa-2","status":"publish","type":"page","link":"https:\/\/crom2.cr3ativa.com\/fr\/empresa-2\/","title":{"rendered":"Entreprise"},"content":{"rendered":"<div data-elementor-type=\"wp-page\" data-elementor-id=\"3404\" class=\"elementor elementor-3404\" data-elementor-post-type=\"page\">\n\t\t\t\t\t\t<section class=\"elementor-section elementor-top-section elementor-element elementor-element-d74a7d1 elementor-section-full_width elementor-section-height-default elementor-section-height-default\" data-id=\"d74a7d1\" data-element_type=\"section\">\n\t\t\t\t\t\t<div class=\"elementor-container elementor-column-gap-default\">\n\t\t\t\t\t<div class=\"elementor-column elementor-col-100 elementor-top-column elementor-element elementor-element-d7e4a70\" data-id=\"d7e4a70\" data-element_type=\"column\">\n\t\t\t<div class=\"elementor-widget-wrap elementor-element-populated\">\n\t\t\t\t\t\t<div class=\"elementor-element elementor-element-ebd448c elementor-widget elementor-widget-image\" data-id=\"ebd448c\" data-element_type=\"widget\" data-widget_type=\"image.default\">\n\t\t\t\t<div class=\"elementor-widget-container\">\n\t\t\t\t\t\t\t\t\t\t\t\t\t<img fetchpriority=\"high\" decoding=\"async\" width=\"1200\" height=\"214\" src=\"https:\/\/crom2.cr3ativa.com\/wp-content\/uploads\/2023\/10\/crom-2-empresa-137016-1200x214-1.webp\" class=\"attachment-full size-full wp-image-3406\" alt=\"\" srcset=\"https:\/\/crom2.cr3ativa.com\/wp-content\/uploads\/2023\/10\/crom-2-empresa-137016-1200x214-1.webp 1200w, https:\/\/crom2.cr3ativa.com\/wp-content\/uploads\/2023\/10\/crom-2-empresa-137016-1200x214-1-300x54.webp 300w, https:\/\/crom2.cr3ativa.com\/wp-content\/uploads\/2023\/10\/crom-2-empresa-137016-1200x214-1-1024x183.webp 1024w, https:\/\/crom2.cr3ativa.com\/wp-content\/uploads\/2023\/10\/crom-2-empresa-137016-1200x214-1-768x137.webp 768w, https:\/\/crom2.cr3ativa.com\/wp-content\/uploads\/2023\/10\/crom-2-empresa-137016-1200x214-1-120x21.webp 120w\" sizes=\"(max-width: 1200px) 100vw, 1200px\" \/>\t\t\t\t\t\t\t\t\t\t\t\t\t<\/div>\n\t\t\t\t<\/div>\n\t\t\t\t\t<\/div>\n\t\t<\/div>\n\t\t\t\t\t<\/div>\n\t\t<\/section>\n\t\t\t\t<section class=\"elementor-section elementor-top-section elementor-element elementor-element-ca5770c elementor-section-boxed elementor-section-height-default elementor-section-height-default\" data-id=\"ca5770c\" data-element_type=\"section\">\n\t\t\t\t\t\t<div class=\"elementor-container elementor-column-gap-default\">\n\t\t\t\t\t<div class=\"elementor-column elementor-col-50 elementor-top-column elementor-element elementor-element-4c937a7\" data-id=\"4c937a7\" data-element_type=\"column\">\n\t\t\t<div class=\"elementor-widget-wrap elementor-element-populated\">\n\t\t\t\t\t\t<div class=\"elementor-element elementor-element-a2ed39a elementor-widget elementor-widget-image\" data-id=\"a2ed39a\" data-element_type=\"widget\" data-widget_type=\"image.default\">\n\t\t\t\t<div class=\"elementor-widget-container\">\n\t\t\t\t\t\t\t\t\t\t\t\t\t<img decoding=\"async\" width=\"400\" height=\"393\" src=\"https:\/\/crom2.cr3ativa.com\/wp-content\/uploads\/2023\/10\/IMG_6021-Personalizado.jpg\" class=\"attachment-medium_large size-medium_large wp-image-3457\" alt=\"\" srcset=\"https:\/\/crom2.cr3ativa.com\/wp-content\/uploads\/2023\/10\/IMG_6021-Personalizado.jpg 400w, https:\/\/crom2.cr3ativa.com\/wp-content\/uploads\/2023\/10\/IMG_6021-Personalizado-300x295.jpg 300w, https:\/\/crom2.cr3ativa.com\/wp-content\/uploads\/2023\/10\/IMG_6021-Personalizado-120x118.jpg 120w\" sizes=\"(max-width: 400px) 100vw, 400px\" \/>\t\t\t\t\t\t\t\t\t\t\t\t\t<\/div>\n\t\t\t\t<\/div>\n\t\t\t\t<div class=\"elementor-element elementor-element-5f580d3 elementor-widget elementor-widget-image\" data-id=\"5f580d3\" data-element_type=\"widget\" data-widget_type=\"image.default\">\n\t\t\t\t<div class=\"elementor-widget-container\">\n\t\t\t\t\t\t\t\t\t\t\t\t\t<img decoding=\"async\" width=\"400\" height=\"319\" src=\"https:\/\/crom2.cr3ativa.com\/wp-content\/uploads\/2023\/10\/IMG_1455-Personalizado.jpg\" class=\"attachment-large size-large wp-image-3460\" alt=\"\" srcset=\"https:\/\/crom2.cr3ativa.com\/wp-content\/uploads\/2023\/10\/IMG_1455-Personalizado.jpg 400w, https:\/\/crom2.cr3ativa.com\/wp-content\/uploads\/2023\/10\/IMG_1455-Personalizado-300x239.jpg 300w, https:\/\/crom2.cr3ativa.com\/wp-content\/uploads\/2023\/10\/IMG_1455-Personalizado-120x96.jpg 120w\" sizes=\"(max-width: 400px) 100vw, 400px\" \/>\t\t\t\t\t\t\t\t\t\t\t\t\t<\/div>\n\t\t\t\t<\/div>\n\t\t\t\t<div class=\"elementor-element elementor-element-3607c9c elementor-widget elementor-widget-image\" data-id=\"3607c9c\" data-element_type=\"widget\" data-widget_type=\"image.default\">\n\t\t\t\t<div class=\"elementor-widget-container\">\n\t\t\t\t\t\t\t\t\t\t\t\t\t<img loading=\"lazy\" decoding=\"async\" width=\"400\" height=\"533\" src=\"https:\/\/crom2.cr3ativa.com\/wp-content\/uploads\/2023\/10\/83a900ec-136e-4601-862a-9a0dc9f1b17c-Personalizado.jpg\" class=\"attachment-large size-large wp-image-3456\" alt=\"\" srcset=\"https:\/\/crom2.cr3ativa.com\/wp-content\/uploads\/2023\/10\/83a900ec-136e-4601-862a-9a0dc9f1b17c-Personalizado.jpg 400w, https:\/\/crom2.cr3ativa.com\/wp-content\/uploads\/2023\/10\/83a900ec-136e-4601-862a-9a0dc9f1b17c-Personalizado-300x400.jpg 300w, https:\/\/crom2.cr3ativa.com\/wp-content\/uploads\/2023\/10\/83a900ec-136e-4601-862a-9a0dc9f1b17c-Personalizado-225x300.jpg 225w, https:\/\/crom2.cr3ativa.com\/wp-content\/uploads\/2023\/10\/83a900ec-136e-4601-862a-9a0dc9f1b17c-Personalizado-90x120.jpg 90w\" sizes=\"(max-width: 400px) 100vw, 400px\" \/>\t\t\t\t\t\t\t\t\t\t\t\t\t<\/div>\n\t\t\t\t<\/div>\n\t\t\t\t\t<\/div>\n\t\t<\/div>\n\t\t\t\t<div class=\"elementor-column elementor-col-50 elementor-top-column elementor-element elementor-element-0a45c68\" data-id=\"0a45c68\" data-element_type=\"column\">\n\t\t\t<div class=\"elementor-widget-wrap elementor-element-populated\">\n\t\t\t\t\t\t<div class=\"elementor-element elementor-element-7e2bf7e elementor-widget elementor-widget-image\" data-id=\"7e2bf7e\" data-element_type=\"widget\" data-widget_type=\"image.default\">\n\t\t\t\t<div class=\"elementor-widget-container\">\n\t\t\t\t\t\t\t\t\t\t\t\t\t<img loading=\"lazy\" decoding=\"async\" width=\"283\" height=\"144\" src=\"https:\/\/crom2.cr3ativa.com\/wp-content\/uploads\/2023\/10\/crom-2-logoweb-116591-160425104028.webp\" class=\"attachment-large size-large wp-image-3411\" alt=\"\" srcset=\"https:\/\/crom2.cr3ativa.com\/wp-content\/uploads\/2023\/10\/crom-2-logoweb-116591-160425104028.webp 283w, https:\/\/crom2.cr3ativa.com\/wp-content\/uploads\/2023\/10\/crom-2-logoweb-116591-160425104028-120x61.webp 120w\" sizes=\"(max-width: 283px) 100vw, 283px\" \/>\t\t\t\t\t\t\t\t\t\t\t\t\t<\/div>\n\t\t\t\t<\/div>\n\t\t\t\t<div class=\"elementor-element elementor-element-9ab1c40 elementor-widget__width-initial elementor-widget elementor-widget-text-editor\" data-id=\"9ab1c40\" data-element_type=\"widget\" data-widget_type=\"text-editor.default\">\n\t\t\t\t<div class=\"elementor-widget-container\">\n\t\t\t\t\t\t\t<p><b>CROM2, SA<\/b>, avec une solide exp\u00e9rience dans l&#039;industrie, a le privil\u00e8ge d&#039;exposer une s\u00e9lection repr\u00e9sentative de ses produits \u00e0 travers cette plateforme en ligne, minutieusement con\u00e7ue dans le but d&#039;\u00e9tablir une <b>canal de communication efficace<\/b> et continuer avec nos estim\u00e9s clients, aussi bien ceux qui nous ont d\u00e9j\u00e0 fait confiance que ceux potentiels qui recherchent des solutions de haute qualit\u00e9. En parcourant notre site Internet, vous pourrez obtenir une vision plus claire et plus d\u00e9taill\u00e9e de la diversit\u00e9 et de la qualit\u00e9 des produits que nous fabriquons avec d\u00e9vouement et professionnalisme.<\/p><p>Nous serions tr\u00e8s heureux si vous pouviez prolonger votre interaction avec nous en demandant les informations suppl\u00e9mentaires dont vous pourriez avoir besoin. A cet effet, nous avons activ\u00e9 une rubrique sp\u00e9cifique appel\u00e9e \u00ab contact \u00bb, dans laquelle vous pouvez nous laisser vos informations et questions. Notre \u00e9quipe engag\u00e9e au sein du service commercial est la mieux plac\u00e9e pour r\u00e9pondre \u00e0 chacune de vos pr\u00e9occupations avec un <b>Un service personnalis\u00e9 et hautement professionnel<\/b>.<\/p><p>De plus, nous mettons \u00e0 votre disposition notre <a href=\"https:\/\/crom2.cr3ativa.com\/fr\/catalogo-2\/\"><b>catalogues d\u00e9taill\u00e9s<\/b><\/a>, qui refl\u00e8tent non seulement la large gamme de produits que nous sommes en mesure d&#039;offrir, mais servent \u00e9galement d&#039;exemple du d\u00e9vouement et du soin que nous apportons \u00e0 chaque \u00e9tape du processus de fabrication. Notre \u00e9quipe commerciale se chargera de vous fournir ces catalogues, et par la m\u00eame occasion, vous informera de mani\u00e8re exhaustive sur notre solide capacit\u00e9 de production.<\/p><p>C&#039;est pr\u00e9cis\u00e9ment cette capacit\u00e9 qui nous permet <b>s&#039;adapter avec flexibilit\u00e9<\/b> aux exigences particuli\u00e8res de chaque client, en satisfaisant ses besoins avec des produits qui refl\u00e8tent une combinaison de fonctionnalit\u00e9, d&#039;esth\u00e9tique et de durabilit\u00e9. Nous sommes extr\u00eamement fiers de pouvoir faire ce que nous faisons de mieux\u00a0: <b><u>fabriquer des meubles qui r\u00e9pondent parfaitement aux attentes de nos clients<\/u><\/b>, en r\u00e9pondant pr\u00e9cis\u00e9ment \u00e0 leurs besoins mat\u00e9riels et temporels. Chez CROM 2, SA, nous travaillons chaque jour avec la ferme intention de nous consolider en tant que partenaire strat\u00e9gique de confiance, en proposant des solutions qui ajoutent une r\u00e9elle valeur \u00e0 vos espaces.<\/p>\t\t\t\t\t\t<\/div>\n\t\t\t\t<\/div>\n\t\t\t\t\t<\/div>\n\t\t<\/div>\n\t\t\t\t\t<\/div>\n\t\t<\/section>\n\t\t\t\t<\/div>","protected":false},"excerpt":{"rendered":"<p>CROM 2, SA, avec une solide exp\u00e9rience dans l&#039;industrie, a le privil\u00e8ge d&#039;exposer une s\u00e9lection repr\u00e9sentative de ses produits \u00e0 travers cette plateforme en ligne, qui...<\/p>","protected":false},"author":3,"featured_media":0,"parent":0,"menu_order":0,"comment_status":"closed","ping_status":"closed","template":"elementor_header_footer","meta":{"footnotes":""},"class_list":["post-3404","page","type-page","status-publish","hentry"],"_links":{"self":[{"href":"https:\/\/crom2.cr3ativa.com\/fr\/wp-json\/wp\/v2\/pages\/3404","targetHints":{"allow":["GET"]}}],"collection":[{"href":"https:\/\/crom2.cr3ativa.com\/fr\/wp-json\/wp\/v2\/pages"}],"about":[{"href":"https:\/\/crom2.cr3ativa.com\/fr\/wp-json\/wp\/v2\/types\/page"}],"author":[{"embeddable":true,"href":"https:\/\/crom2.cr3ativa.com\/fr\/wp-json\/wp\/v2\/users\/3"}],"replies":[{"embeddable":true,"href":"https:\/\/crom2.cr3ativa.com\/fr\/wp-json\/wp\/v2\/comments?post=3404"}],"version-history":[{"count":13,"href":"https:\/\/crom2.cr3ativa.com\/fr\/wp-json\/wp\/v2\/pages\/3404\/revisions"}],"predecessor-version":[{"id":3517,"href":"https:\/\/crom2.cr3ativa.com\/fr\/wp-json\/wp\/v2\/pages\/3404\/revisions\/3517"}],"wp:attachment":[{"href":"https:\/\/crom2.cr3ativa.com\/fr\/wp-json\/wp\/v2\/media?parent=3404"}],"curies":[{"name":"wp","href":"https:\/\/api.w.org\/{rel}","templated":true}]}}