{"id":4436,"date":"2025-04-02T09:36:03","date_gmt":"2025-04-02T07:36:03","guid":{"rendered":"https:\/\/crom2.com\/?post_type=product&#038;p=4436"},"modified":"2025-04-02T09:41:00","modified_gmt":"2025-04-02T07:41:00","slug":"ref-5209-r","status":"publish","type":"product","link":"https:\/\/crom2.cr3ativa.com\/de\/produkt\/ref-5209-r\/","title":{"rendered":"Ref. 5209 R"},"content":{"rendered":"<p>Kleiderschrank mit T\u00fcren und Regalen.<\/p>\n<p>R\u00e4der.<\/p>\n<p>83 x 43 H. 110 cm<\/p>\n<p>Die T\u00fcren k\u00f6nnen in verschiedenen Farben aus 12 mm Compactmel gefertigt werden.<\/p>","protected":false},"excerpt":{"rendered":"<p>Kleiderschrank mit T\u00fcren und Einlegeb\u00f6den. Rollen. 83 x 43 cm, H\u00f6he 110 cm. T\u00fcren in verschiedenen Farben erh\u00e4ltlich und 12 mm stark.<\/p>","protected":false},"featured_media":4002,"template":"","meta":[],"product_brand":[],"product_cat":[43,37],"product_tag":[],"class_list":{"0":"post-4436","1":"product","2":"type-product","3":"status-publish","4":"has-post-thumbnail","6":"product_cat-armarios-escolar","7":"product_cat-escolar","9":"first","10":"instock","11":"shipping-taxable","12":"product-type-simple"},"_links":{"self":[{"href":"https:\/\/crom2.cr3ativa.com\/de\/wp-json\/wp\/v2\/product\/4436","targetHints":{"allow":["GET"]}}],"collection":[{"href":"https:\/\/crom2.cr3ativa.com\/de\/wp-json\/wp\/v2\/product"}],"about":[{"href":"https:\/\/crom2.cr3ativa.com\/de\/wp-json\/wp\/v2\/types\/product"}],"wp:featuredmedia":[{"embeddable":true,"href":"https:\/\/crom2.cr3ativa.com\/de\/wp-json\/wp\/v2\/media\/4002"}],"wp:attachment":[{"href":"https:\/\/crom2.cr3ativa.com\/de\/wp-json\/wp\/v2\/media?parent=4436"}],"wp:term":[{"taxonomy":"product_brand","embeddable":true,"href":"https:\/\/crom2.cr3ativa.com\/de\/wp-json\/wp\/v2\/product_brand?post=4436"},{"taxonomy":"product_cat","embeddable":true,"href":"https:\/\/crom2.cr3ativa.com\/de\/wp-json\/wp\/v2\/product_cat?post=4436"},{"taxonomy":"product_tag","embeddable":true,"href":"https:\/\/crom2.cr3ativa.com\/de\/wp-json\/wp\/v2\/product_tag?post=4436"}],"curies":[{"name":"wp","href":"https:\/\/api.w.org\/{rel}","templated":true}]}}