{"id":4018,"date":"2024-04-25T11:22:06","date_gmt":"2024-04-25T09:22:06","guid":{"rendered":"https:\/\/crom2.com\/?post_type=product&#038;p=4018"},"modified":"2024-04-26T09:10:26","modified_gmt":"2024-04-26T07:10:26","slug":"agora-mini-roll","status":"publish","type":"product","link":"https:\/\/crom2.cr3ativa.com\/de\/produkt\/agora-mini-roll\/","title":{"rendered":"AGORA MINI ROLL"},"content":{"rendered":"<p>NIEDRIGES Modul (Sitzh\u00f6he) mit R\u00e4dern (mit Bremse) mit T\u00fcren.<\/p>\n<p>M\u00f6bel mit Stauraum.<\/p>\n<p>Gro\u00dfe Auswahl an Farben sowohl f\u00fcr den Modulk\u00f6rper als auch f\u00fcr die T\u00fcren und Sitze.<\/p>\n<p>Die T\u00dcREN k\u00f6nnen eine ANDERE FARBE als die \u00fcbrigen M\u00f6bel haben.<\/p>\n<p>Auf den Bildern ist das Modul HIGH zu sehen, das die Zusammenstellung des kompletten Sets in zwei H\u00f6hen erm\u00f6glicht.<\/p>\n<p>HERGESTELLT IN SPANIEN<\/p>","protected":false},"excerpt":{"rendered":"<p>M\u00f3dulo\u00a0 BAJO ( altura asiento ) con ruedas ( con freno )\u00a0 con puertas. Mueble con capacidad de almacenaje. Amplia gama de colores tanto par el cuerpo del m\u00f3dulo, puertas&#8230;<\/p>","protected":false},"featured_media":4037,"template":"","meta":[],"product_brand":[],"product_cat":[43,37],"product_tag":[],"class_list":{"0":"post-4018","1":"product","2":"type-product","3":"status-publish","4":"has-post-thumbnail","6":"product_cat-armarios-escolar","7":"product_cat-escolar","9":"first","10":"instock","11":"shipping-taxable","12":"product-type-simple"},"_links":{"self":[{"href":"https:\/\/crom2.cr3ativa.com\/de\/wp-json\/wp\/v2\/product\/4018","targetHints":{"allow":["GET"]}}],"collection":[{"href":"https:\/\/crom2.cr3ativa.com\/de\/wp-json\/wp\/v2\/product"}],"about":[{"href":"https:\/\/crom2.cr3ativa.com\/de\/wp-json\/wp\/v2\/types\/product"}],"wp:featuredmedia":[{"embeddable":true,"href":"https:\/\/crom2.cr3ativa.com\/de\/wp-json\/wp\/v2\/media\/4037"}],"wp:attachment":[{"href":"https:\/\/crom2.cr3ativa.com\/de\/wp-json\/wp\/v2\/media?parent=4018"}],"wp:term":[{"taxonomy":"product_brand","embeddable":true,"href":"https:\/\/crom2.cr3ativa.com\/de\/wp-json\/wp\/v2\/product_brand?post=4018"},{"taxonomy":"product_cat","embeddable":true,"href":"https:\/\/crom2.cr3ativa.com\/de\/wp-json\/wp\/v2\/product_cat?post=4018"},{"taxonomy":"product_tag","embeddable":true,"href":"https:\/\/crom2.cr3ativa.com\/de\/wp-json\/wp\/v2\/product_tag?post=4018"}],"curies":[{"name":"wp","href":"https:\/\/api.w.org\/{rel}","templated":true}]}}