{"id":3769,"date":"2023-11-28T11:49:22","date_gmt":"2023-11-28T10:49:22","guid":{"rendered":"https:\/\/crom2.com\/?post_type=product&#038;p=3769"},"modified":"2025-02-13T08:16:17","modified_gmt":"2025-02-13T07:16:17","slug":"ref-vint-3003-art","status":"publish","type":"product","link":"https:\/\/crom2.cr3ativa.com\/de\/produkt\/ref-vint-3003-art\/","title":{"rendered":"Ref. VINT  3003 ART"},"content":{"rendered":"<p>Gepolsterter Stuhl. Metallische Struktur.<\/p>\n<p>Gro\u00dfe Auswahl an Lackfarben f\u00fcr Metallkonstruktionen.     Wir k\u00f6nnen in speziellen RAL-Farben au\u00dferhalb der Palette lackieren (wenden Sie sich an unsere Verkaufsabteilung)<\/p>\n<p>M\u00f6glichkeit der Kombination verschiedener Polsterungen.<\/p>\n<p>&nbsp;<\/p>","protected":false},"excerpt":{"rendered":"<p>Gepolsterter Stuhl. Metallische Struktur.<\/p>","protected":false},"featured_media":3770,"template":"","meta":[],"product_brand":[],"product_cat":[36,35],"product_tag":[],"class_list":{"0":"post-3769","1":"product","2":"type-product","3":"status-publish","4":"has-post-thumbnail","6":"product_cat-hosteleria","7":"product_cat-sillas-hosteleria","9":"first","10":"instock","11":"shipping-taxable","12":"product-type-simple"},"_links":{"self":[{"href":"https:\/\/crom2.cr3ativa.com\/de\/wp-json\/wp\/v2\/product\/3769","targetHints":{"allow":["GET"]}}],"collection":[{"href":"https:\/\/crom2.cr3ativa.com\/de\/wp-json\/wp\/v2\/product"}],"about":[{"href":"https:\/\/crom2.cr3ativa.com\/de\/wp-json\/wp\/v2\/types\/product"}],"wp:featuredmedia":[{"embeddable":true,"href":"https:\/\/crom2.cr3ativa.com\/de\/wp-json\/wp\/v2\/media\/3770"}],"wp:attachment":[{"href":"https:\/\/crom2.cr3ativa.com\/de\/wp-json\/wp\/v2\/media?parent=3769"}],"wp:term":[{"taxonomy":"product_brand","embeddable":true,"href":"https:\/\/crom2.cr3ativa.com\/de\/wp-json\/wp\/v2\/product_brand?post=3769"},{"taxonomy":"product_cat","embeddable":true,"href":"https:\/\/crom2.cr3ativa.com\/de\/wp-json\/wp\/v2\/product_cat?post=3769"},{"taxonomy":"product_tag","embeddable":true,"href":"https:\/\/crom2.cr3ativa.com\/de\/wp-json\/wp\/v2\/product_tag?post=3769"}],"curies":[{"name":"wp","href":"https:\/\/api.w.org\/{rel}","templated":true}]}}