{"id":3033,"date":"2023-08-30T22:47:57","date_gmt":"2023-08-30T22:47:57","guid":{"rendered":"https:\/\/crom2.com\/producto\/silla-ref-fabiola\/"},"modified":"2025-04-02T09:26:52","modified_gmt":"2025-04-02T07:26:52","slug":"silla-ref-fabiola","status":"publish","type":"product","link":"https:\/\/crom2.cr3ativa.com\/de\/produkt\/silla-ref-fabiola\/","title":{"rendered":"Silla Ref.Fabiola"},"content":{"rendered":"<p>Stuhl Ref. FABIOLA. Stapelbar.<\/p>\n<p>In verschiedenen H\u00f6hen erh\u00e4ltlich.<\/p>\n<p>Gro\u00dfe Auswahl an Farben.<\/p>\n<p>Sitzh\u00f6he: 38\/42\/46 cm<\/p>","protected":false},"excerpt":{"rendered":"<p>Stuhl Ref. FABIOLA. Stapelbar. Erh\u00e4ltlich in verschiedenen H\u00f6hen. Gro\u00dfe Farbauswahl. Sitzh\u00f6he: 38\/42\/46 cm<\/p>","protected":false},"featured_media":3032,"template":"","meta":[],"product_brand":[],"product_cat":[37,42],"product_tag":[],"class_list":{"0":"post-3033","1":"product","2":"type-product","3":"status-publish","4":"has-post-thumbnail","6":"product_cat-escolar","7":"product_cat-sillas-escolar","9":"first","10":"instock","11":"shipping-taxable","12":"product-type-simple"},"_links":{"self":[{"href":"https:\/\/crom2.cr3ativa.com\/de\/wp-json\/wp\/v2\/product\/3033","targetHints":{"allow":["GET"]}}],"collection":[{"href":"https:\/\/crom2.cr3ativa.com\/de\/wp-json\/wp\/v2\/product"}],"about":[{"href":"https:\/\/crom2.cr3ativa.com\/de\/wp-json\/wp\/v2\/types\/product"}],"wp:featuredmedia":[{"embeddable":true,"href":"https:\/\/crom2.cr3ativa.com\/de\/wp-json\/wp\/v2\/media\/3032"}],"wp:attachment":[{"href":"https:\/\/crom2.cr3ativa.com\/de\/wp-json\/wp\/v2\/media?parent=3033"}],"wp:term":[{"taxonomy":"product_brand","embeddable":true,"href":"https:\/\/crom2.cr3ativa.com\/de\/wp-json\/wp\/v2\/product_brand?post=3033"},{"taxonomy":"product_cat","embeddable":true,"href":"https:\/\/crom2.cr3ativa.com\/de\/wp-json\/wp\/v2\/product_cat?post=3033"},{"taxonomy":"product_tag","embeddable":true,"href":"https:\/\/crom2.cr3ativa.com\/de\/wp-json\/wp\/v2\/product_tag?post=3033"}],"curies":[{"name":"wp","href":"https:\/\/api.w.org\/{rel}","templated":true}]}}