{"id":2937,"date":"2023-08-30T22:43:35","date_gmt":"2023-08-30T22:43:35","guid":{"rendered":"https:\/\/crom2.com\/producto\/mesa-ref-920\/"},"modified":"2025-02-14T09:36:46","modified_gmt":"2025-02-14T08:36:46","slug":"mesa-ref-920","status":"publish","type":"product","link":"https:\/\/crom2.cr3ativa.com\/de\/produkt\/mesa-ref-920\/","title":{"rendered":"Mesa Ref. 920"},"content":{"rendered":"<p>Tabellenref. 920 verschiedene Gr\u00f6\u00dfen und verschiedene Arten von Tischkanten mit unterschiedlichen St\u00e4rken.<\/p>","protected":false},"excerpt":{"rendered":"<p>Tabellenref. 920 verschiedene Gr\u00f6\u00dfen und verschiedene Arten von Tischkanten mit unterschiedlichen St\u00e4rken.<\/p>","protected":false},"featured_media":2936,"template":"","meta":[],"product_brand":[],"product_cat":[36,38],"product_tag":[],"class_list":{"0":"post-2937","1":"product","2":"type-product","3":"status-publish","4":"has-post-thumbnail","6":"product_cat-hosteleria","7":"product_cat-mesas-hosteleria","9":"first","10":"instock","11":"shipping-taxable","12":"product-type-simple"},"_links":{"self":[{"href":"https:\/\/crom2.cr3ativa.com\/de\/wp-json\/wp\/v2\/product\/2937","targetHints":{"allow":["GET"]}}],"collection":[{"href":"https:\/\/crom2.cr3ativa.com\/de\/wp-json\/wp\/v2\/product"}],"about":[{"href":"https:\/\/crom2.cr3ativa.com\/de\/wp-json\/wp\/v2\/types\/product"}],"wp:featuredmedia":[{"embeddable":true,"href":"https:\/\/crom2.cr3ativa.com\/de\/wp-json\/wp\/v2\/media\/2936"}],"wp:attachment":[{"href":"https:\/\/crom2.cr3ativa.com\/de\/wp-json\/wp\/v2\/media?parent=2937"}],"wp:term":[{"taxonomy":"product_brand","embeddable":true,"href":"https:\/\/crom2.cr3ativa.com\/de\/wp-json\/wp\/v2\/product_brand?post=2937"},{"taxonomy":"product_cat","embeddable":true,"href":"https:\/\/crom2.cr3ativa.com\/de\/wp-json\/wp\/v2\/product_cat?post=2937"},{"taxonomy":"product_tag","embeddable":true,"href":"https:\/\/crom2.cr3ativa.com\/de\/wp-json\/wp\/v2\/product_tag?post=2937"}],"curies":[{"name":"wp","href":"https:\/\/api.w.org\/{rel}","templated":true}]}}