{"id":2919,"date":"2023-08-30T22:38:17","date_gmt":"2023-08-30T22:38:17","guid":{"rendered":"https:\/\/crom2.com\/producto\/mesa-goblet-ref-4160-2\/"},"modified":"2023-11-28T15:55:03","modified_gmt":"2023-11-28T14:55:03","slug":"mesa-goblet-ref-4160-2","status":"publish","type":"product","link":"https:\/\/crom2.cr3ativa.com\/de\/produkt\/mesa-goblet-ref-4160-2\/","title":{"rendered":"Mesa GOBLET Ref. 4160"},"content":{"rendered":"<p>Gie\u00dftisch in verschiedenen Gr\u00f6\u00dfen<\/p>","protected":false},"excerpt":{"rendered":"<p>Gie\u00dftisch in verschiedenen Gr\u00f6\u00dfen<\/p>","protected":false},"featured_media":2918,"template":"","meta":[],"product_brand":[],"product_cat":[36,38],"product_tag":[],"class_list":{"0":"post-2919","1":"product","2":"type-product","3":"status-publish","4":"has-post-thumbnail","6":"product_cat-hosteleria","7":"product_cat-mesas-hosteleria","9":"first","10":"instock","11":"shipping-taxable","12":"product-type-simple"},"_links":{"self":[{"href":"https:\/\/crom2.cr3ativa.com\/de\/wp-json\/wp\/v2\/product\/2919","targetHints":{"allow":["GET"]}}],"collection":[{"href":"https:\/\/crom2.cr3ativa.com\/de\/wp-json\/wp\/v2\/product"}],"about":[{"href":"https:\/\/crom2.cr3ativa.com\/de\/wp-json\/wp\/v2\/types\/product"}],"wp:featuredmedia":[{"embeddable":true,"href":"https:\/\/crom2.cr3ativa.com\/de\/wp-json\/wp\/v2\/media\/2918"}],"wp:attachment":[{"href":"https:\/\/crom2.cr3ativa.com\/de\/wp-json\/wp\/v2\/media?parent=2919"}],"wp:term":[{"taxonomy":"product_brand","embeddable":true,"href":"https:\/\/crom2.cr3ativa.com\/de\/wp-json\/wp\/v2\/product_brand?post=2919"},{"taxonomy":"product_cat","embeddable":true,"href":"https:\/\/crom2.cr3ativa.com\/de\/wp-json\/wp\/v2\/product_cat?post=2919"},{"taxonomy":"product_tag","embeddable":true,"href":"https:\/\/crom2.cr3ativa.com\/de\/wp-json\/wp\/v2\/product_tag?post=2919"}],"curies":[{"name":"wp","href":"https:\/\/api.w.org\/{rel}","templated":true}]}}