{"id":2835,"date":"2023-08-30T22:18:15","date_gmt":"2023-08-30T22:18:15","guid":{"rendered":"https:\/\/crom2.com\/producto\/silla-ref-9433\/"},"modified":"2025-02-14T10:28:25","modified_gmt":"2025-02-14T09:28:25","slug":"silla-ref-9433","status":"publish","type":"product","link":"https:\/\/crom2.cr3ativa.com\/de\/produkt\/silla-ref-9433\/","title":{"rendered":"Silla Ref. 9433"},"content":{"rendered":"<p>OLIMPIA Holzstuhl.<\/p>\n<p>Gro\u00dfe Farbpalette sowohl f\u00fcr Holz- als auch f\u00fcr lackierte Metallrohre verf\u00fcgbar.<\/p>","protected":false},"excerpt":{"rendered":"<p>Silla OLIMPIA Madera. Amplia gama de colores disponibles tanto de madera como de tubo met\u00e1lico pintado.<\/p>","protected":false},"featured_media":2834,"template":"","meta":[],"product_brand":[],"product_cat":[36,35],"product_tag":[],"class_list":{"0":"post-2835","1":"product","2":"type-product","3":"status-publish","4":"has-post-thumbnail","6":"product_cat-hosteleria","7":"product_cat-sillas-hosteleria","9":"first","10":"instock","11":"shipping-taxable","12":"product-type-simple"},"_links":{"self":[{"href":"https:\/\/crom2.cr3ativa.com\/de\/wp-json\/wp\/v2\/product\/2835","targetHints":{"allow":["GET"]}}],"collection":[{"href":"https:\/\/crom2.cr3ativa.com\/de\/wp-json\/wp\/v2\/product"}],"about":[{"href":"https:\/\/crom2.cr3ativa.com\/de\/wp-json\/wp\/v2\/types\/product"}],"wp:featuredmedia":[{"embeddable":true,"href":"https:\/\/crom2.cr3ativa.com\/de\/wp-json\/wp\/v2\/media\/2834"}],"wp:attachment":[{"href":"https:\/\/crom2.cr3ativa.com\/de\/wp-json\/wp\/v2\/media?parent=2835"}],"wp:term":[{"taxonomy":"product_brand","embeddable":true,"href":"https:\/\/crom2.cr3ativa.com\/de\/wp-json\/wp\/v2\/product_brand?post=2835"},{"taxonomy":"product_cat","embeddable":true,"href":"https:\/\/crom2.cr3ativa.com\/de\/wp-json\/wp\/v2\/product_cat?post=2835"},{"taxonomy":"product_tag","embeddable":true,"href":"https:\/\/crom2.cr3ativa.com\/de\/wp-json\/wp\/v2\/product_tag?post=2835"}],"curies":[{"name":"wp","href":"https:\/\/api.w.org\/{rel}","templated":true}]}}