{"id":2789,"date":"2023-08-30T22:17:23","date_gmt":"2023-08-30T22:17:23","guid":{"rendered":"https:\/\/crom2.com\/producto\/silla-magnet-tap-2\/"},"modified":"2025-02-13T08:16:59","modified_gmt":"2025-02-13T07:16:59","slug":"silla-magnet-tap-2","status":"publish","type":"product","link":"https:\/\/crom2.cr3ativa.com\/de\/produkt\/silla-magnet-tap-2\/","title":{"rendered":"MAGNET TAP Stuhl"},"content":{"rendered":"<p>So, wie du willst. Gepolstert. Bzw. Walnuss. Gro\u00dfe Auswahl an Kombinationen m\u00f6glich. R\u00fcckenlehnen in unterschiedlichen Lackt\u00f6nen.<\/p>","protected":false},"excerpt":{"rendered":"<p>So, wie du willst. Gepolstert. Bzw. Walnuss. Gro\u00dfe Auswahl an Kombinationen m\u00f6glich. R\u00fcckenlehnen in unterschiedlichen Lackt\u00f6nen.<\/p>","protected":false},"featured_media":2714,"template":"","meta":[],"product_brand":[],"product_cat":[36,35],"product_tag":[],"class_list":{"0":"post-2789","1":"product","2":"type-product","3":"status-publish","4":"has-post-thumbnail","6":"product_cat-hosteleria","7":"product_cat-sillas-hosteleria","9":"first","10":"instock","11":"shipping-taxable","12":"product-type-simple"},"_links":{"self":[{"href":"https:\/\/crom2.cr3ativa.com\/de\/wp-json\/wp\/v2\/product\/2789","targetHints":{"allow":["GET"]}}],"collection":[{"href":"https:\/\/crom2.cr3ativa.com\/de\/wp-json\/wp\/v2\/product"}],"about":[{"href":"https:\/\/crom2.cr3ativa.com\/de\/wp-json\/wp\/v2\/types\/product"}],"wp:featuredmedia":[{"embeddable":true,"href":"https:\/\/crom2.cr3ativa.com\/de\/wp-json\/wp\/v2\/media\/2714"}],"wp:attachment":[{"href":"https:\/\/crom2.cr3ativa.com\/de\/wp-json\/wp\/v2\/media?parent=2789"}],"wp:term":[{"taxonomy":"product_brand","embeddable":true,"href":"https:\/\/crom2.cr3ativa.com\/de\/wp-json\/wp\/v2\/product_brand?post=2789"},{"taxonomy":"product_cat","embeddable":true,"href":"https:\/\/crom2.cr3ativa.com\/de\/wp-json\/wp\/v2\/product_cat?post=2789"},{"taxonomy":"product_tag","embeddable":true,"href":"https:\/\/crom2.cr3ativa.com\/de\/wp-json\/wp\/v2\/product_tag?post=2789"}],"curies":[{"name":"wp","href":"https:\/\/api.w.org\/{rel}","templated":true}]}}