{"id":3404,"date":"2023-10-06T13:53:31","date_gmt":"2023-10-06T13:53:31","guid":{"rendered":"https:\/\/crom2.com\/?page_id=3404"},"modified":"2023-10-11T13:32:14","modified_gmt":"2023-10-11T13:32:14","slug":"empresa-2","status":"publish","type":"page","link":"https:\/\/crom2.cr3ativa.com\/de\/empresa-2\/","title":{"rendered":"Unternehmen"},"content":{"rendered":"<div data-elementor-type=\"wp-page\" data-elementor-id=\"3404\" class=\"elementor elementor-3404\" data-elementor-post-type=\"page\">\n\t\t\t\t\t\t<section class=\"elementor-section elementor-top-section elementor-element elementor-element-d74a7d1 elementor-section-full_width elementor-section-height-default elementor-section-height-default\" data-id=\"d74a7d1\" data-element_type=\"section\">\n\t\t\t\t\t\t<div class=\"elementor-container elementor-column-gap-default\">\n\t\t\t\t\t<div class=\"elementor-column elementor-col-100 elementor-top-column elementor-element elementor-element-d7e4a70\" data-id=\"d7e4a70\" data-element_type=\"column\">\n\t\t\t<div class=\"elementor-widget-wrap elementor-element-populated\">\n\t\t\t\t\t\t<div class=\"elementor-element elementor-element-ebd448c elementor-widget elementor-widget-image\" data-id=\"ebd448c\" data-element_type=\"widget\" data-widget_type=\"image.default\">\n\t\t\t\t<div class=\"elementor-widget-container\">\n\t\t\t\t\t\t\t\t\t\t\t\t\t<img fetchpriority=\"high\" decoding=\"async\" width=\"1200\" height=\"214\" src=\"https:\/\/crom2.cr3ativa.com\/wp-content\/uploads\/2023\/10\/crom-2-empresa-137016-1200x214-1.webp\" class=\"attachment-full size-full wp-image-3406\" alt=\"\" srcset=\"https:\/\/crom2.cr3ativa.com\/wp-content\/uploads\/2023\/10\/crom-2-empresa-137016-1200x214-1.webp 1200w, https:\/\/crom2.cr3ativa.com\/wp-content\/uploads\/2023\/10\/crom-2-empresa-137016-1200x214-1-300x54.webp 300w, https:\/\/crom2.cr3ativa.com\/wp-content\/uploads\/2023\/10\/crom-2-empresa-137016-1200x214-1-1024x183.webp 1024w, https:\/\/crom2.cr3ativa.com\/wp-content\/uploads\/2023\/10\/crom-2-empresa-137016-1200x214-1-768x137.webp 768w, https:\/\/crom2.cr3ativa.com\/wp-content\/uploads\/2023\/10\/crom-2-empresa-137016-1200x214-1-120x21.webp 120w\" sizes=\"(max-width: 1200px) 100vw, 1200px\" \/>\t\t\t\t\t\t\t\t\t\t\t\t\t<\/div>\n\t\t\t\t<\/div>\n\t\t\t\t\t<\/div>\n\t\t<\/div>\n\t\t\t\t\t<\/div>\n\t\t<\/section>\n\t\t\t\t<section class=\"elementor-section elementor-top-section elementor-element elementor-element-ca5770c elementor-section-boxed elementor-section-height-default elementor-section-height-default\" data-id=\"ca5770c\" data-element_type=\"section\">\n\t\t\t\t\t\t<div class=\"elementor-container elementor-column-gap-default\">\n\t\t\t\t\t<div class=\"elementor-column elementor-col-50 elementor-top-column elementor-element elementor-element-4c937a7\" data-id=\"4c937a7\" data-element_type=\"column\">\n\t\t\t<div class=\"elementor-widget-wrap elementor-element-populated\">\n\t\t\t\t\t\t<div class=\"elementor-element elementor-element-a2ed39a elementor-widget elementor-widget-image\" data-id=\"a2ed39a\" data-element_type=\"widget\" data-widget_type=\"image.default\">\n\t\t\t\t<div class=\"elementor-widget-container\">\n\t\t\t\t\t\t\t\t\t\t\t\t\t<img decoding=\"async\" width=\"400\" height=\"393\" src=\"https:\/\/crom2.cr3ativa.com\/wp-content\/uploads\/2023\/10\/IMG_6021-Personalizado.jpg\" class=\"attachment-medium_large size-medium_large wp-image-3457\" alt=\"\" srcset=\"https:\/\/crom2.cr3ativa.com\/wp-content\/uploads\/2023\/10\/IMG_6021-Personalizado.jpg 400w, https:\/\/crom2.cr3ativa.com\/wp-content\/uploads\/2023\/10\/IMG_6021-Personalizado-300x295.jpg 300w, https:\/\/crom2.cr3ativa.com\/wp-content\/uploads\/2023\/10\/IMG_6021-Personalizado-120x118.jpg 120w\" sizes=\"(max-width: 400px) 100vw, 400px\" \/>\t\t\t\t\t\t\t\t\t\t\t\t\t<\/div>\n\t\t\t\t<\/div>\n\t\t\t\t<div class=\"elementor-element elementor-element-5f580d3 elementor-widget elementor-widget-image\" data-id=\"5f580d3\" data-element_type=\"widget\" data-widget_type=\"image.default\">\n\t\t\t\t<div class=\"elementor-widget-container\">\n\t\t\t\t\t\t\t\t\t\t\t\t\t<img decoding=\"async\" width=\"400\" height=\"319\" src=\"https:\/\/crom2.cr3ativa.com\/wp-content\/uploads\/2023\/10\/IMG_1455-Personalizado.jpg\" class=\"attachment-large size-large wp-image-3460\" alt=\"\" srcset=\"https:\/\/crom2.cr3ativa.com\/wp-content\/uploads\/2023\/10\/IMG_1455-Personalizado.jpg 400w, https:\/\/crom2.cr3ativa.com\/wp-content\/uploads\/2023\/10\/IMG_1455-Personalizado-300x239.jpg 300w, https:\/\/crom2.cr3ativa.com\/wp-content\/uploads\/2023\/10\/IMG_1455-Personalizado-120x96.jpg 120w\" sizes=\"(max-width: 400px) 100vw, 400px\" \/>\t\t\t\t\t\t\t\t\t\t\t\t\t<\/div>\n\t\t\t\t<\/div>\n\t\t\t\t<div class=\"elementor-element elementor-element-3607c9c elementor-widget elementor-widget-image\" data-id=\"3607c9c\" data-element_type=\"widget\" data-widget_type=\"image.default\">\n\t\t\t\t<div class=\"elementor-widget-container\">\n\t\t\t\t\t\t\t\t\t\t\t\t\t<img loading=\"lazy\" decoding=\"async\" width=\"400\" height=\"533\" src=\"https:\/\/crom2.cr3ativa.com\/wp-content\/uploads\/2023\/10\/83a900ec-136e-4601-862a-9a0dc9f1b17c-Personalizado.jpg\" class=\"attachment-large size-large wp-image-3456\" alt=\"\" srcset=\"https:\/\/crom2.cr3ativa.com\/wp-content\/uploads\/2023\/10\/83a900ec-136e-4601-862a-9a0dc9f1b17c-Personalizado.jpg 400w, https:\/\/crom2.cr3ativa.com\/wp-content\/uploads\/2023\/10\/83a900ec-136e-4601-862a-9a0dc9f1b17c-Personalizado-300x400.jpg 300w, https:\/\/crom2.cr3ativa.com\/wp-content\/uploads\/2023\/10\/83a900ec-136e-4601-862a-9a0dc9f1b17c-Personalizado-225x300.jpg 225w, https:\/\/crom2.cr3ativa.com\/wp-content\/uploads\/2023\/10\/83a900ec-136e-4601-862a-9a0dc9f1b17c-Personalizado-90x120.jpg 90w\" sizes=\"(max-width: 400px) 100vw, 400px\" \/>\t\t\t\t\t\t\t\t\t\t\t\t\t<\/div>\n\t\t\t\t<\/div>\n\t\t\t\t\t<\/div>\n\t\t<\/div>\n\t\t\t\t<div class=\"elementor-column elementor-col-50 elementor-top-column elementor-element elementor-element-0a45c68\" data-id=\"0a45c68\" data-element_type=\"column\">\n\t\t\t<div class=\"elementor-widget-wrap elementor-element-populated\">\n\t\t\t\t\t\t<div class=\"elementor-element elementor-element-7e2bf7e elementor-widget elementor-widget-image\" data-id=\"7e2bf7e\" data-element_type=\"widget\" data-widget_type=\"image.default\">\n\t\t\t\t<div class=\"elementor-widget-container\">\n\t\t\t\t\t\t\t\t\t\t\t\t\t<img loading=\"lazy\" decoding=\"async\" width=\"283\" height=\"144\" src=\"https:\/\/crom2.cr3ativa.com\/wp-content\/uploads\/2023\/10\/crom-2-logoweb-116591-160425104028.webp\" class=\"attachment-large size-large wp-image-3411\" alt=\"\" srcset=\"https:\/\/crom2.cr3ativa.com\/wp-content\/uploads\/2023\/10\/crom-2-logoweb-116591-160425104028.webp 283w, https:\/\/crom2.cr3ativa.com\/wp-content\/uploads\/2023\/10\/crom-2-logoweb-116591-160425104028-120x61.webp 120w\" sizes=\"(max-width: 283px) 100vw, 283px\" \/>\t\t\t\t\t\t\t\t\t\t\t\t\t<\/div>\n\t\t\t\t<\/div>\n\t\t\t\t<div class=\"elementor-element elementor-element-9ab1c40 elementor-widget__width-initial elementor-widget elementor-widget-text-editor\" data-id=\"9ab1c40\" data-element_type=\"widget\" data-widget_type=\"text-editor.default\">\n\t\t\t\t<div class=\"elementor-widget-container\">\n\t\t\t\t\t\t\t<p><b>CROM 2, SA<\/b>, mit einer soliden Erfolgsbilanz in der Branche, hat das Privileg, eine repr\u00e4sentative Auswahl seiner Produkte \u00fcber diese Online-Plattform auszustellen, die sorgf\u00e4ltig mit dem Ziel entwickelt wurde, eine zu etablieren <b>effektiver Kommunikationskanal<\/b> und weiterhin mit unseren gesch\u00e4tzten Kunden, sowohl denen, die uns bereits ihr Vertrauen geschenkt haben, als auch den potenziellen Kunden, die nach qualitativ hochwertigen L\u00f6sungen suchen. Beim Durchsuchen unserer Website erhalten Sie einen klareren und detaillierteren \u00dcberblick \u00fcber die Vielfalt und Qualit\u00e4t der Produkte, die wir mit Hingabe und Professionalit\u00e4t herstellen.<\/p><p>Wir w\u00fcrden uns sehr freuen, wenn Sie Ihre Interaktion mit uns erweitern w\u00fcrden, indem Sie bei Bedarf zus\u00e4tzliche Informationen anfordern. Zu diesem Zweck haben wir einen speziellen Bereich namens \u201eKontakt\u201c eingerichtet, in dem Sie uns Ihre Informationen und Fragen hinterlassen k\u00f6nnen. Unser engagiertes Team in der kaufm\u00e4nnischen Abteilung ist bestens in der Lage, jedes Ihrer Anliegen kompetent zu bearbeiten <b>Pers\u00f6nlicher und hochprofessioneller Service<\/b>.<\/p><p>Dar\u00fcber hinaus stellen wir Ihnen unsere zur Verf\u00fcgung <a href=\"https:\/\/crom2.cr3ativa.com\/de\/catalogo-2\/\"><b>ausf\u00fchrliche Kataloge<\/b><\/a>, die nicht nur die breite Produktpalette widerspiegeln, die wir anbieten k\u00f6nnen, sondern auch als Beispiel f\u00fcr die Hingabe und Sorgfalt dienen, die wir in jeder Phase des Herstellungsprozesses anwenden. Unser Vertriebsteam k\u00fcmmert sich um die Bereitstellung dieser Kataloge und informiert Sie gleichzeitig umfassend \u00fcber unsere robuste Produktionskapazit\u00e4t.<\/p><p>Es ist genau diese F\u00e4higkeit, die es uns erm\u00f6glicht <b>flexibel anpassen<\/b> Wir gehen auf die besonderen Anforderungen jedes Kunden ein und befriedigen seine Bed\u00fcrfnisse mit Produkten, die eine Kombination aus Funktionalit\u00e4t, \u00c4sthetik und Haltbarkeit widerspiegeln. Wir sind sehr stolz darauf, das tun zu k\u00f6nnen, was wir am besten k\u00f6nnen: <b><u>Wir stellen M\u00f6bel her, die den Erwartungen unserer Kunden perfekt entsprechen<\/u><\/b>, wobei sie sich genau um ihre materiellen und zeitlichen Bed\u00fcrfnisse k\u00fcmmern. Bei CROM 2, SA arbeiten wir jeden Tag mit dem festen Ziel, uns als Ihr vertrauensw\u00fcrdiger strategischer Partner zu festigen und L\u00f6sungen anzubieten, die Ihren R\u00e4umen einen echten Mehrwert verleihen.<\/p>\t\t\t\t\t\t<\/div>\n\t\t\t\t<\/div>\n\t\t\t\t\t<\/div>\n\t\t<\/div>\n\t\t\t\t\t<\/div>\n\t\t<\/section>\n\t\t\t\t<\/div>","protected":false},"excerpt":{"rendered":"<p>CROM 2, SA verf\u00fcgt \u00fcber eine solide Erfolgsbilanz in der Branche und hat das Privileg, \u00fcber diese Online-Plattform eine repr\u00e4sentative Auswahl seiner Produkte auszustellen, die...<\/p>","protected":false},"author":3,"featured_media":0,"parent":0,"menu_order":0,"comment_status":"closed","ping_status":"closed","template":"elementor_header_footer","meta":{"footnotes":""},"class_list":["post-3404","page","type-page","status-publish","hentry"],"_links":{"self":[{"href":"https:\/\/crom2.cr3ativa.com\/de\/wp-json\/wp\/v2\/pages\/3404","targetHints":{"allow":["GET"]}}],"collection":[{"href":"https:\/\/crom2.cr3ativa.com\/de\/wp-json\/wp\/v2\/pages"}],"about":[{"href":"https:\/\/crom2.cr3ativa.com\/de\/wp-json\/wp\/v2\/types\/page"}],"author":[{"embeddable":true,"href":"https:\/\/crom2.cr3ativa.com\/de\/wp-json\/wp\/v2\/users\/3"}],"replies":[{"embeddable":true,"href":"https:\/\/crom2.cr3ativa.com\/de\/wp-json\/wp\/v2\/comments?post=3404"}],"version-history":[{"count":13,"href":"https:\/\/crom2.cr3ativa.com\/de\/wp-json\/wp\/v2\/pages\/3404\/revisions"}],"predecessor-version":[{"id":3517,"href":"https:\/\/crom2.cr3ativa.com\/de\/wp-json\/wp\/v2\/pages\/3404\/revisions\/3517"}],"wp:attachment":[{"href":"https:\/\/crom2.cr3ativa.com\/de\/wp-json\/wp\/v2\/media?parent=3404"}],"curies":[{"name":"wp","href":"https:\/\/api.w.org\/{rel}","templated":true}]}}