{"id":4059,"date":"2024-04-26T09:44:34","date_gmt":"2024-04-26T07:44:34","guid":{"rendered":"https:\/\/crom2.com\/?post_type=product&#038;p=4059"},"modified":"2024-04-26T10:23:05","modified_gmt":"2024-04-26T08:23:05","slug":"agora-xxl","status":"publish","type":"product","link":"https:\/\/crom2.cr3ativa.com\/ca\/producte\/agora-xxl\/","title":{"rendered":"AGORA XXL"},"content":{"rendered":"<p>Original concepte de grau que possibilita redissenyar lespai de forma r\u00e0pida i efica\u00e7. El seu car\u00e0cter modular i la incorporaci\u00f3<br \/>\nde rodes dinamitza f\u00e0cilment l&#039;espai de treball col\u00b7laboratiu, facilitant la creaci\u00f3 d&#039;\u00e0rees on compartir idees i desenvolupar<br \/>\nprojectes conjunts. Ofereix a cada equip la possibilitat d&#039;adaptar el seu espai a les necessitats i la metodologia de treball.<\/p>\n<p>Cada m\u00f2dul incorpora, aix\u00ed mateix, espai de<br \/>\nemmagatzematge integrat addicional.<\/p>\n<p>Dimensions Totals:<br \/>\nAl\u00e7ada: 920 mm<br \/>\nAmplada: 1600 mm<br \/>\nProfunditat: 1100 mm<\/p>\n<p>Pots ser fabricat en diferents colors, permet combinar colors a les diferents parts de la grada.<\/p>","protected":false},"excerpt":{"rendered":"<p>BANCADA GRAN AMB RODES.<\/p>\n<p>&nbsp;<\/p>","protected":false},"featured_media":4060,"template":"","meta":[],"product_brand":[],"product_cat":[43,37,35],"product_tag":[],"class_list":{"0":"post-4059","1":"product","2":"type-product","3":"status-publish","4":"has-post-thumbnail","6":"product_cat-armarios-escolar","7":"product_cat-escolar","8":"product_cat-sillas-hosteleria","10":"first","11":"instock","12":"shipping-taxable","13":"product-type-simple"},"_links":{"self":[{"href":"https:\/\/crom2.cr3ativa.com\/ca\/wp-json\/wp\/v2\/product\/4059","targetHints":{"allow":["GET"]}}],"collection":[{"href":"https:\/\/crom2.cr3ativa.com\/ca\/wp-json\/wp\/v2\/product"}],"about":[{"href":"https:\/\/crom2.cr3ativa.com\/ca\/wp-json\/wp\/v2\/types\/product"}],"wp:featuredmedia":[{"embeddable":true,"href":"https:\/\/crom2.cr3ativa.com\/ca\/wp-json\/wp\/v2\/media\/4060"}],"wp:attachment":[{"href":"https:\/\/crom2.cr3ativa.com\/ca\/wp-json\/wp\/v2\/media?parent=4059"}],"wp:term":[{"taxonomy":"product_brand","embeddable":true,"href":"https:\/\/crom2.cr3ativa.com\/ca\/wp-json\/wp\/v2\/product_brand?post=4059"},{"taxonomy":"product_cat","embeddable":true,"href":"https:\/\/crom2.cr3ativa.com\/ca\/wp-json\/wp\/v2\/product_cat?post=4059"},{"taxonomy":"product_tag","embeddable":true,"href":"https:\/\/crom2.cr3ativa.com\/ca\/wp-json\/wp\/v2\/product_tag?post=4059"}],"curies":[{"name":"wp","href":"https:\/\/api.w.org\/{rel}","templated":true}]}}