{"id":3404,"date":"2023-10-06T13:53:31","date_gmt":"2023-10-06T13:53:31","guid":{"rendered":"https:\/\/crom2.com\/?page_id=3404"},"modified":"2023-10-11T13:32:14","modified_gmt":"2023-10-11T13:32:14","slug":"empresa-2","status":"publish","type":"page","link":"https:\/\/crom2.cr3ativa.com\/ca\/empresa-2\/","title":{"rendered":"Empresa"},"content":{"rendered":"<div data-elementor-type=\"wp-page\" data-elementor-id=\"3404\" class=\"elementor elementor-3404\" data-elementor-post-type=\"page\">\n\t\t\t\t\t\t<section class=\"elementor-section elementor-top-section elementor-element elementor-element-d74a7d1 elementor-section-full_width elementor-section-height-default elementor-section-height-default\" data-id=\"d74a7d1\" data-element_type=\"section\">\n\t\t\t\t\t\t<div class=\"elementor-container elementor-column-gap-default\">\n\t\t\t\t\t<div class=\"elementor-column elementor-col-100 elementor-top-column elementor-element elementor-element-d7e4a70\" data-id=\"d7e4a70\" data-element_type=\"column\">\n\t\t\t<div class=\"elementor-widget-wrap elementor-element-populated\">\n\t\t\t\t\t\t<div class=\"elementor-element elementor-element-ebd448c elementor-widget elementor-widget-image\" data-id=\"ebd448c\" data-element_type=\"widget\" data-widget_type=\"image.default\">\n\t\t\t\t<div class=\"elementor-widget-container\">\n\t\t\t\t\t\t\t\t\t\t\t\t\t<img fetchpriority=\"high\" decoding=\"async\" width=\"1200\" height=\"214\" src=\"https:\/\/crom2.cr3ativa.com\/wp-content\/uploads\/2023\/10\/crom-2-empresa-137016-1200x214-1.webp\" class=\"attachment-full size-full wp-image-3406\" alt=\"\" srcset=\"https:\/\/crom2.cr3ativa.com\/wp-content\/uploads\/2023\/10\/crom-2-empresa-137016-1200x214-1.webp 1200w, https:\/\/crom2.cr3ativa.com\/wp-content\/uploads\/2023\/10\/crom-2-empresa-137016-1200x214-1-300x54.webp 300w, https:\/\/crom2.cr3ativa.com\/wp-content\/uploads\/2023\/10\/crom-2-empresa-137016-1200x214-1-1024x183.webp 1024w, https:\/\/crom2.cr3ativa.com\/wp-content\/uploads\/2023\/10\/crom-2-empresa-137016-1200x214-1-768x137.webp 768w, https:\/\/crom2.cr3ativa.com\/wp-content\/uploads\/2023\/10\/crom-2-empresa-137016-1200x214-1-120x21.webp 120w\" sizes=\"(max-width: 1200px) 100vw, 1200px\" \/>\t\t\t\t\t\t\t\t\t\t\t\t\t<\/div>\n\t\t\t\t<\/div>\n\t\t\t\t\t<\/div>\n\t\t<\/div>\n\t\t\t\t\t<\/div>\n\t\t<\/section>\n\t\t\t\t<section class=\"elementor-section elementor-top-section elementor-element elementor-element-ca5770c elementor-section-boxed elementor-section-height-default elementor-section-height-default\" data-id=\"ca5770c\" data-element_type=\"section\">\n\t\t\t\t\t\t<div class=\"elementor-container elementor-column-gap-default\">\n\t\t\t\t\t<div class=\"elementor-column elementor-col-50 elementor-top-column elementor-element elementor-element-4c937a7\" data-id=\"4c937a7\" data-element_type=\"column\">\n\t\t\t<div class=\"elementor-widget-wrap elementor-element-populated\">\n\t\t\t\t\t\t<div class=\"elementor-element elementor-element-a2ed39a elementor-widget elementor-widget-image\" data-id=\"a2ed39a\" data-element_type=\"widget\" data-widget_type=\"image.default\">\n\t\t\t\t<div class=\"elementor-widget-container\">\n\t\t\t\t\t\t\t\t\t\t\t\t\t<img decoding=\"async\" width=\"400\" height=\"393\" src=\"https:\/\/crom2.cr3ativa.com\/wp-content\/uploads\/2023\/10\/IMG_6021-Personalizado.jpg\" class=\"attachment-medium_large size-medium_large wp-image-3457\" alt=\"\" srcset=\"https:\/\/crom2.cr3ativa.com\/wp-content\/uploads\/2023\/10\/IMG_6021-Personalizado.jpg 400w, https:\/\/crom2.cr3ativa.com\/wp-content\/uploads\/2023\/10\/IMG_6021-Personalizado-300x295.jpg 300w, https:\/\/crom2.cr3ativa.com\/wp-content\/uploads\/2023\/10\/IMG_6021-Personalizado-120x118.jpg 120w\" sizes=\"(max-width: 400px) 100vw, 400px\" \/>\t\t\t\t\t\t\t\t\t\t\t\t\t<\/div>\n\t\t\t\t<\/div>\n\t\t\t\t<div class=\"elementor-element elementor-element-5f580d3 elementor-widget elementor-widget-image\" data-id=\"5f580d3\" data-element_type=\"widget\" data-widget_type=\"image.default\">\n\t\t\t\t<div class=\"elementor-widget-container\">\n\t\t\t\t\t\t\t\t\t\t\t\t\t<img decoding=\"async\" width=\"400\" height=\"319\" src=\"https:\/\/crom2.cr3ativa.com\/wp-content\/uploads\/2023\/10\/IMG_1455-Personalizado.jpg\" class=\"attachment-large size-large wp-image-3460\" alt=\"\" srcset=\"https:\/\/crom2.cr3ativa.com\/wp-content\/uploads\/2023\/10\/IMG_1455-Personalizado.jpg 400w, https:\/\/crom2.cr3ativa.com\/wp-content\/uploads\/2023\/10\/IMG_1455-Personalizado-300x239.jpg 300w, https:\/\/crom2.cr3ativa.com\/wp-content\/uploads\/2023\/10\/IMG_1455-Personalizado-120x96.jpg 120w\" sizes=\"(max-width: 400px) 100vw, 400px\" \/>\t\t\t\t\t\t\t\t\t\t\t\t\t<\/div>\n\t\t\t\t<\/div>\n\t\t\t\t<div class=\"elementor-element elementor-element-3607c9c elementor-widget elementor-widget-image\" data-id=\"3607c9c\" data-element_type=\"widget\" data-widget_type=\"image.default\">\n\t\t\t\t<div class=\"elementor-widget-container\">\n\t\t\t\t\t\t\t\t\t\t\t\t\t<img loading=\"lazy\" decoding=\"async\" width=\"400\" height=\"533\" src=\"https:\/\/crom2.cr3ativa.com\/wp-content\/uploads\/2023\/10\/83a900ec-136e-4601-862a-9a0dc9f1b17c-Personalizado.jpg\" class=\"attachment-large size-large wp-image-3456\" alt=\"\" srcset=\"https:\/\/crom2.cr3ativa.com\/wp-content\/uploads\/2023\/10\/83a900ec-136e-4601-862a-9a0dc9f1b17c-Personalizado.jpg 400w, https:\/\/crom2.cr3ativa.com\/wp-content\/uploads\/2023\/10\/83a900ec-136e-4601-862a-9a0dc9f1b17c-Personalizado-300x400.jpg 300w, https:\/\/crom2.cr3ativa.com\/wp-content\/uploads\/2023\/10\/83a900ec-136e-4601-862a-9a0dc9f1b17c-Personalizado-225x300.jpg 225w, https:\/\/crom2.cr3ativa.com\/wp-content\/uploads\/2023\/10\/83a900ec-136e-4601-862a-9a0dc9f1b17c-Personalizado-90x120.jpg 90w\" sizes=\"(max-width: 400px) 100vw, 400px\" \/>\t\t\t\t\t\t\t\t\t\t\t\t\t<\/div>\n\t\t\t\t<\/div>\n\t\t\t\t\t<\/div>\n\t\t<\/div>\n\t\t\t\t<div class=\"elementor-column elementor-col-50 elementor-top-column elementor-element elementor-element-0a45c68\" data-id=\"0a45c68\" data-element_type=\"column\">\n\t\t\t<div class=\"elementor-widget-wrap elementor-element-populated\">\n\t\t\t\t\t\t<div class=\"elementor-element elementor-element-7e2bf7e elementor-widget elementor-widget-image\" data-id=\"7e2bf7e\" data-element_type=\"widget\" data-widget_type=\"image.default\">\n\t\t\t\t<div class=\"elementor-widget-container\">\n\t\t\t\t\t\t\t\t\t\t\t\t\t<img loading=\"lazy\" decoding=\"async\" width=\"283\" height=\"144\" src=\"https:\/\/crom2.cr3ativa.com\/wp-content\/uploads\/2023\/10\/crom-2-logoweb-116591-160425104028.webp\" class=\"attachment-large size-large wp-image-3411\" alt=\"\" srcset=\"https:\/\/crom2.cr3ativa.com\/wp-content\/uploads\/2023\/10\/crom-2-logoweb-116591-160425104028.webp 283w, https:\/\/crom2.cr3ativa.com\/wp-content\/uploads\/2023\/10\/crom-2-logoweb-116591-160425104028-120x61.webp 120w\" sizes=\"(max-width: 283px) 100vw, 283px\" \/>\t\t\t\t\t\t\t\t\t\t\t\t\t<\/div>\n\t\t\t\t<\/div>\n\t\t\t\t<div class=\"elementor-element elementor-element-9ab1c40 elementor-widget__width-initial elementor-widget elementor-widget-text-editor\" data-id=\"9ab1c40\" data-element_type=\"widget\" data-widget_type=\"text-editor.default\">\n\t\t\t\t<div class=\"elementor-widget-container\">\n\t\t\t\t\t\t\t<p><b>CROM 2, SA<\/b>, amb una s\u00f2lida traject\u00f2ria a la ind\u00fastria, t\u00e9 el privilegi d&#039;exhibir una selecci\u00f3 representativa dels seus fabricats a trav\u00e9s d&#039;aquesta plataforma en l\u00ednia, la qual ha estat dissenyada meticulosament amb el prop\u00f2sit d&#039;establir un <b>canal de comunicaci\u00f3 efica\u00e7<\/b> i continuo amb els nostres estimats clients, tant els que ja han dipositat la seva confian\u00e7a en nosaltres com aquells potencials clients que estan a la recerca de solucions d&#039;alta qualitat. En navegar per la nostra p\u00e0gina web, podreu obtenir una visi\u00f3 m\u00e9s clara i detallada de la diversitat i qualitat dels productes que amb dedicaci\u00f3 i professionalisme fabriquem.<\/p><p>Ens complauria enormement que estenguessin la seva interacci\u00f3 amb nosaltres sol\u00b7licitant informaci\u00f3 addicional que poguessin requerir. Amb aquesta finalitat, hem habilitat una secci\u00f3 espec\u00edfica anomenada \u00abcontacte\u00bb, en la qual ens podran deixar les seves dades i consultes. El nostre comprom\u00e8s equip del departament comercial es troba a la millor disposici\u00f3 per atendre cadascuna de les seves inquietuds amb un <b>servei personalitzat i altament professional<\/b>.<\/p><p>Addicionalment, posem a la vostra disposici\u00f3 els nostres <a href=\"https:\/\/crom2.cr3ativa.com\/ca\/catalogo-2\/\"><b>cat\u00e0legs detallats<\/b><\/a>, que no nom\u00e9s reflecteixen l&#039;\u00e0mplia gamma de productes que estem en capacitat d&#039;oferir, sin\u00f3 que tamb\u00e9 serveixen com una mostra de la dedicaci\u00f3 i la cura que apliquem a cada etapa del proc\u00e9s de fabricaci\u00f3. El nostre equip comercial s&#039;encarregar\u00e0 de proporcionar aquests cat\u00e0legs, i alhora, els informar\u00e0 exhaustivament sobre la nostra robusta capacitat productiva.<\/p><p>\u00c9s precisament aquesta capacitat la que ens permet <b>adaptar-nos de manera flexible<\/b> als requeriments particulars de cada client, satisfent les necessitats amb productes que reflecteixen una combinaci\u00f3 de funcionalitat, est\u00e8tica i durabilitat. Ens enorgulleix enormement poder fer el que millor sabem fer: <b><u>fabricar mobiliari que compleix a la perfecci\u00f3 amb les expectatives dels nostres clients<\/u><\/b>, atenent de manera precisa les necessitats materials i temporals. A CROM 2, SA, treballem cada dia amb el prop\u00f2sit ferm de consolidar-nos com el seu soci estrat\u00e8gic de confian\u00e7a, oferint solucions que afegeixin valor real als seus espais.<\/p>\t\t\t\t\t\t<\/div>\n\t\t\t\t<\/div>\n\t\t\t\t\t<\/div>\n\t\t<\/div>\n\t\t\t\t\t<\/div>\n\t\t<\/section>\n\t\t\t\t<\/div>","protected":false},"excerpt":{"rendered":"<p>CROM 2, SA, amb una s\u00f2lida traject\u00f2ria a la ind\u00fastria, t\u00e9 el privilegi d&#039;exhibir una selecci\u00f3 representativa dels seus fabricats a trav\u00e9s d&#039;aquesta plataforma en l\u00ednia, la qual\u2026<\/p>","protected":false},"author":3,"featured_media":0,"parent":0,"menu_order":0,"comment_status":"closed","ping_status":"closed","template":"elementor_header_footer","meta":{"footnotes":""},"class_list":["post-3404","page","type-page","status-publish","hentry"],"_links":{"self":[{"href":"https:\/\/crom2.cr3ativa.com\/ca\/wp-json\/wp\/v2\/pages\/3404","targetHints":{"allow":["GET"]}}],"collection":[{"href":"https:\/\/crom2.cr3ativa.com\/ca\/wp-json\/wp\/v2\/pages"}],"about":[{"href":"https:\/\/crom2.cr3ativa.com\/ca\/wp-json\/wp\/v2\/types\/page"}],"author":[{"embeddable":true,"href":"https:\/\/crom2.cr3ativa.com\/ca\/wp-json\/wp\/v2\/users\/3"}],"replies":[{"embeddable":true,"href":"https:\/\/crom2.cr3ativa.com\/ca\/wp-json\/wp\/v2\/comments?post=3404"}],"version-history":[{"count":13,"href":"https:\/\/crom2.cr3ativa.com\/ca\/wp-json\/wp\/v2\/pages\/3404\/revisions"}],"predecessor-version":[{"id":3517,"href":"https:\/\/crom2.cr3ativa.com\/ca\/wp-json\/wp\/v2\/pages\/3404\/revisions\/3517"}],"wp:attachment":[{"href":"https:\/\/crom2.cr3ativa.com\/ca\/wp-json\/wp\/v2\/media?parent=3404"}],"curies":[{"name":"wp","href":"https:\/\/api.w.org\/{rel}","templated":true}]}}